{"id":874,"date":"2022-06-08T06:22:59","date_gmt":"2022-06-08T06:22:59","guid":{"rendered":"https:\/\/site.diartissolutions.ch\/?page_id=874"},"modified":"2026-01-04T21:46:19","modified_gmt":"2026-01-04T20:46:19","slug":"ueber-diartis","status":"publish","type":"page","link":"https:\/\/www.diartis.solutions\/fr\/ueber-diartis\/","title":{"rendered":"Portrait\u00a0"},"content":{"rendered":"<div class=\"lazyblock-hd-two-columns-2hMQGV wp-block-lazyblock-hd-two-columns\"><div class=\"content__two-columns content__multicolumns\">\n    <div class=\"container\">\n        <div class=\"two-columns__row row\">\n            <div class=\"two-columns__content--col-left col-12 col-lg-8\">\n                <div class=\"neos-contentcollection\">\n                    <div class=\"content__text container\">\n                        <h2>Portrait<\/h2>\n<p data-start=\"99\" data-end=\"441\"><strong data-start=\"99\" data-end=\"123\">Diartis Solutions AG<\/strong> est n\u00e9e en 2022 de la soci\u00e9t\u00e9 <strong data-start=\"154\" data-end=\"168\">Diartis AG<\/strong> et op\u00e8re depuis en tant qu\u2019entreprise ind\u00e9pendante sous la direction de <strong data-start=\"241\" data-end=\"259\">Beat Hohermuth<\/strong>, fondateur et actionnaire de Diartis AG. Depuis 2024, l\u2019entreprise Diartis Solutions AG appartient \u00e0 la Poste. Diartis Solutions AG fait partie des services num\u00e9riques de la Poste, qui regroupe sous la marque <em>Swiss Post Digital<\/em> des plateformes de communication s\u00e9curis\u00e9es et des solutions logicielles connect\u00e9es pour les PME, les autorit\u00e9s et le secteur de la sant\u00e9.\u00a0<\/p>\n<p data-start=\"443\" data-end=\"1058\"><strong data-start=\"443\" data-end=\"494\">Nous soutenons ceux qui soutiennent les autres.<\/strong> Concr\u00e8tement, cela signifie que nous d\u00e9veloppons des syst\u00e8mes qui vous assistent dans votre travail et permettent de consacrer plus de temps aux personnes accompagn\u00e9es. Cette mission nous anime : nous mettons notre expertise et notre exp\u00e9rience au service d\u2019un accompagnement recentr\u00e9 sur l\u2019humain plut\u00f4t que sur le syst\u00e8me. <strong data-start=\"820\" data-end=\"862\">Empathiques, individualis\u00e9s, efficaces<\/strong> : les b\u00e9n\u00e9fices de cette approche sont partag\u00e9s \u00e0 la fois par les professionnels de l\u2019accompagnement et les personnes accompagn\u00e9es. Pour atteindre cet objectif, nous explorons de nouvelles voies.<\/p>\n<p data-start=\"1060\" data-end=\"1561\">Les <strong data-start=\"1064\" data-end=\"1095\">solutions de gestion de cas<\/strong> restent au c\u0153ur de notre activit\u00e9 et nous travaillons constamment \u00e0 leur \u00e9volution afin de r\u00e9pondre au mieux \u00e0 vos besoins quotidiens. Avec Diartis Solutions AG, nous pla\u00e7ons un accent fort sur les attentes sp\u00e9cifiques des clients dans l\u2019espace <strong data-start=\"1341\" data-end=\"1349\">DACH<\/strong> (Allemagne, Autriche, Suisse), afin de proposer des solutions de gestion de cas toujours plus personnalis\u00e9es. Par ailleurs, nous \u0153uvrons en interne \u00e0 la mise en place d\u2019une <strong data-start=\"1523\" data-end=\"1560\">structure organisationnelle agile<\/strong>.<\/p>\n<p data-start=\"1563\" data-end=\"2089\">Ce nouveau cadre nous permet de cr\u00e9er les conditions n\u00e9cessaires pour faire \u00e9voluer librement et de mani\u00e8re dynamique la gestion de cas. Nous avons \u00e0 c\u0153ur de contribuer, par notre travail, \u00e0 une transformation syst\u00e9mique. En int\u00e9grant encore davantage <strong data-start=\"1815\" data-end=\"1845\">l\u2019innovation technologique<\/strong> dans le d\u00e9veloppement de nos produits, nous sommes en mesure de r\u00e9pondre de mani\u00e8re plus cibl\u00e9e et personnalis\u00e9e \u00e0 vos d\u00e9fis quotidiens. Voil\u00e0 comment nous concevons la reconnaissance : <strong data-start=\"2032\" data-end=\"2088\">un engagement innovant et humain pour votre r\u00e9ussite<\/strong>.<\/p>                    <\/div>\n                <\/div>\n            <\/div>\n            <div class=\"two-columns__content--col-right col-12 col-lg-4 hd-sidebar-content\">\n                <div class=\"neos-contentcollection\">\n                    \n\n<h2 class=\"wp-block-heading\">Principales donn\u00e9es de l&#8217;entreprise<\/h2>\n\n\n\n<ul class=\"wp-block-list\">\n<li>Parmi nos quelque 150 clients figurent des agences f\u00e9d\u00e9rales, des cantons, des compagnies d&#8217;assurance, le secteur priv\u00e9 ainsi que des institutions du secteur des soins \u00e0 domicile et du conseil.<\/li>\n\n\n\n<li>Une vingtaine de collaborateurs veillent \u00e0 la satisfaction de nos clients.<\/li>\n\n\n\n<li>Si\u00e8ge social \u00e0&nbsp;<strong>Lenzburg<\/strong>,<\/li>\n\n\n\n<li>Directeur g\u00e9n\u00e9ral :&nbsp;<strong>Beat Hohermuth<\/strong>&nbsp;<\/li>\n<\/ul>\n\n                <\/div>\n            <\/div>\n        <\/div>\n    <\/div>\n<\/div><\/div>","protected":false},"excerpt":{"rendered":"","protected":false},"author":1,"featured_media":875,"parent":0,"menu_order":0,"comment_status":"closed","ping_status":"closed","template":"page-full-width.php","meta":{"_acf_changed":false,"inline_featured_image":false,"footnotes":""},"class_list":["post-874","page","type-page","status-publish","has-post-thumbnail","hentry"],"translation":{"provider":"WPGlobus","version":"3.0.2","language":"fr","enabled_languages":["de","fr"],"languages":{"de":{"title":true,"content":true,"excerpt":false},"fr":{"title":true,"content":true,"excerpt":false}}},"acf":{"page_subtitle":"","page_description":"Diartis \u2013 Solutions pour les personnes qui soutiennent des personnes"},"yoast_head":"<!-- This site is optimized with the Yoast SEO plugin v26.9 - https:\/\/yoast.com\/product\/yoast-seo-wordpress\/ -->\n<title>Portrait\u00a0 - Diartis Solutions<\/title>\n<meta name=\"robots\" content=\"index, follow, max-snippet:-1, max-image-preview:large, max-video-preview:-1\" \/>\n<link rel=\"canonical\" href=\"https:\/\/www.diartis.solutions\/ueber-diartis\/\" \/>\n<meta property=\"og:locale\" content=\"fr_FR\" \/>\n<meta property=\"og:type\" content=\"article\" \/>\n<meta property=\"og:title\" content=\"Portrait\u00a0 - Diartis Solutions\" \/>\n<meta property=\"og:url\" content=\"https:\/\/www.diartis.solutions\/ueber-diartis\/\" \/>\n<meta property=\"og:site_name\" content=\"Diartis Solutions\" \/>\n<meta property=\"article:publisher\" content=\"https:\/\/www.facebook.com\/diartissolutions\" \/>\n<meta property=\"article:modified_time\" content=\"2026-01-04T20:46:19+00:00\" \/>\n<meta property=\"og:image\" content=\"https:\/\/www.diartis.solutions\/wp-content\/uploads\/2022\/06\/Diartis-135.jpg\" \/>\n\t<meta property=\"og:image:width\" content=\"930\" \/>\n\t<meta property=\"og:image:height\" content=\"431\" \/>\n\t<meta property=\"og:image:type\" content=\"image\/jpeg\" \/>\n<meta name=\"twitter:card\" content=\"summary_large_image\" \/>\n<meta name=\"twitter:label1\" content=\"Est. reading time\" \/>\n\t<meta name=\"twitter:data1\" content=\"1 minute\" \/>\n<script type=\"application\/ld+json\" class=\"yoast-schema-graph\">{\"@context\":\"https:\/\/schema.org\",\"@graph\":[{\"@type\":\"WebPage\",\"@id\":\"https:\/\/www.diartis.solutions\/ueber-diartis\/\",\"url\":\"https:\/\/www.diartis.solutions\/ueber-diartis\/\",\"name\":\"Portrait\u00a0 - Diartis Solutions\",\"isPartOf\":{\"@id\":\"https:\/\/www.diartis.solutions\/en\/#website\"},\"primaryImageOfPage\":{\"@id\":\"https:\/\/www.diartis.solutions\/ueber-diartis\/#primaryimage\"},\"image\":{\"@id\":\"https:\/\/www.diartis.solutions\/ueber-diartis\/#primaryimage\"},\"thumbnailUrl\":\"https:\/\/www.diartis.solutions\/wp-content\/uploads\/2022\/06\/Diartis-135.jpg\",\"datePublished\":\"2022-06-08T06:22:59+00:00\",\"dateModified\":\"2026-01-04T20:46:19+00:00\",\"breadcrumb\":{\"@id\":\"https:\/\/www.diartis.solutions\/ueber-diartis\/#breadcrumb\"},\"inLanguage\":\"fr-FR\",\"potentialAction\":[{\"@type\":\"ReadAction\",\"target\":[\"https:\/\/www.diartis.solutions\/ueber-diartis\/\"]}]},{\"@type\":\"ImageObject\",\"inLanguage\":\"fr-FR\",\"@id\":\"https:\/\/www.diartis.solutions\/ueber-diartis\/#primaryimage\",\"url\":\"https:\/\/www.diartis.solutions\/wp-content\/uploads\/2022\/06\/Diartis-135.jpg\",\"contentUrl\":\"https:\/\/www.diartis.solutions\/wp-content\/uploads\/2022\/06\/Diartis-135.jpg\",\"width\":930,\"height\":431},{\"@type\":\"BreadcrumbList\",\"@id\":\"https:\/\/www.diartis.solutions\/ueber-diartis\/#breadcrumb\",\"itemListElement\":[{\"@type\":\"ListItem\",\"position\":1,\"name\":\"Home\",\"item\":\"https:\/\/www.diartis.solutions\/\"},{\"@type\":\"ListItem\",\"position\":2,\"name\":\"Diartis Solutions AG\"}]},{\"@type\":\"WebSite\",\"@id\":\"https:\/\/www.diartis.solutions\/en\/#website\",\"url\":\"https:\/\/www.diartis.solutions\/en\/\",\"name\":\"Diartis Solutions\",\"description\":\"Solutions pour les personnes qui soutiennent des personnes\",\"publisher\":{\"@id\":\"https:\/\/www.diartis.solutions\/en\/#organization\"},\"potentialAction\":[{\"@type\":\"SearchAction\",\"target\":{\"@type\":\"EntryPoint\",\"urlTemplate\":\"https:\/\/www.diartis.solutions\/en\/?s={search_term_string}\"},\"query-input\":{\"@type\":\"PropertyValueSpecification\",\"valueRequired\":true,\"valueName\":\"search_term_string\"}}],\"inLanguage\":\"fr-FR\"},{\"@type\":\"Organization\",\"@id\":\"https:\/\/www.diartis.solutions\/en\/#organization\",\"name\":\"Diartis Solutions\",\"url\":\"https:\/\/www.diartis.solutions\/en\/\",\"logo\":{\"@type\":\"ImageObject\",\"inLanguage\":\"fr-FR\",\"@id\":\"https:\/\/www.diartis.solutions\/en\/#\/schema\/logo\/image\/\",\"url\":\"https:\/\/www.diartis.solutions\/wp-content\/uploads\/2022\/08\/logosolutionssmall.png\",\"contentUrl\":\"https:\/\/www.diartis.solutions\/wp-content\/uploads\/2022\/08\/logosolutionssmall.png\",\"width\":260,\"height\":115,\"caption\":\"Diartis Solutions\"},\"image\":{\"@id\":\"https:\/\/www.diartis.solutions\/en\/#\/schema\/logo\/image\/\"},\"sameAs\":[\"https:\/\/www.facebook.com\/diartissolutions\",\"https:\/\/www.linkedin.com\/company\/diartissolutions\",\"https:\/\/www.instagram.com\/diartis.solutions\"]}]}<\/script>\n<!-- \/ Yoast SEO plugin. -->","yoast_head_json":{"title":"Portrait\u00a0 - Diartis Solutions","robots":{"index":"index","follow":"follow","max-snippet":"max-snippet:-1","max-image-preview":"max-image-preview:large","max-video-preview":"max-video-preview:-1"},"canonical":"https:\/\/www.diartis.solutions\/ueber-diartis\/","og_locale":"fr_FR","og_type":"article","og_title":"Portrait\u00a0 - Diartis Solutions","og_url":"https:\/\/www.diartis.solutions\/ueber-diartis\/","og_site_name":"Diartis Solutions","article_publisher":"https:\/\/www.facebook.com\/diartissolutions","article_modified_time":"2026-01-04T20:46:19+00:00","og_image":[{"width":930,"height":431,"url":"https:\/\/www.diartis.solutions\/wp-content\/uploads\/2022\/06\/Diartis-135.jpg","type":"image\/jpeg"}],"twitter_card":"summary_large_image","twitter_misc":{"Est. reading time":"1 minute"},"schema":{"@context":"https:\/\/schema.org","@graph":[{"@type":"WebPage","@id":"https:\/\/www.diartis.solutions\/ueber-diartis\/","url":"https:\/\/www.diartis.solutions\/ueber-diartis\/","name":"Portrait\u00a0 - Diartis Solutions","isPartOf":{"@id":"https:\/\/www.diartis.solutions\/en\/#website"},"primaryImageOfPage":{"@id":"https:\/\/www.diartis.solutions\/ueber-diartis\/#primaryimage"},"image":{"@id":"https:\/\/www.diartis.solutions\/ueber-diartis\/#primaryimage"},"thumbnailUrl":"https:\/\/www.diartis.solutions\/wp-content\/uploads\/2022\/06\/Diartis-135.jpg","datePublished":"2022-06-08T06:22:59+00:00","dateModified":"2026-01-04T20:46:19+00:00","breadcrumb":{"@id":"https:\/\/www.diartis.solutions\/ueber-diartis\/#breadcrumb"},"inLanguage":"fr-FR","potentialAction":[{"@type":"ReadAction","target":["https:\/\/www.diartis.solutions\/ueber-diartis\/"]}]},{"@type":"ImageObject","inLanguage":"fr-FR","@id":"https:\/\/www.diartis.solutions\/ueber-diartis\/#primaryimage","url":"https:\/\/www.diartis.solutions\/wp-content\/uploads\/2022\/06\/Diartis-135.jpg","contentUrl":"https:\/\/www.diartis.solutions\/wp-content\/uploads\/2022\/06\/Diartis-135.jpg","width":930,"height":431},{"@type":"BreadcrumbList","@id":"https:\/\/www.diartis.solutions\/ueber-diartis\/#breadcrumb","itemListElement":[{"@type":"ListItem","position":1,"name":"Home","item":"https:\/\/www.diartis.solutions\/"},{"@type":"ListItem","position":2,"name":"Diartis Solutions AG"}]},{"@type":"WebSite","@id":"https:\/\/www.diartis.solutions\/en\/#website","url":"https:\/\/www.diartis.solutions\/en\/","name":"Diartis Solutions","description":"Solutions pour les personnes qui soutiennent des personnes","publisher":{"@id":"https:\/\/www.diartis.solutions\/en\/#organization"},"potentialAction":[{"@type":"SearchAction","target":{"@type":"EntryPoint","urlTemplate":"https:\/\/www.diartis.solutions\/en\/?s={search_term_string}"},"query-input":{"@type":"PropertyValueSpecification","valueRequired":true,"valueName":"search_term_string"}}],"inLanguage":"fr-FR"},{"@type":"Organization","@id":"https:\/\/www.diartis.solutions\/en\/#organization","name":"Diartis Solutions","url":"https:\/\/www.diartis.solutions\/en\/","logo":{"@type":"ImageObject","inLanguage":"fr-FR","@id":"https:\/\/www.diartis.solutions\/en\/#\/schema\/logo\/image\/","url":"https:\/\/www.diartis.solutions\/wp-content\/uploads\/2022\/08\/logosolutionssmall.png","contentUrl":"https:\/\/www.diartis.solutions\/wp-content\/uploads\/2022\/08\/logosolutionssmall.png","width":260,"height":115,"caption":"Diartis Solutions"},"image":{"@id":"https:\/\/www.diartis.solutions\/en\/#\/schema\/logo\/image\/"},"sameAs":["https:\/\/www.facebook.com\/diartissolutions","https:\/\/www.linkedin.com\/company\/diartissolutions","https:\/\/www.instagram.com\/diartis.solutions"]}]}},"_links":{"self":[{"href":"https:\/\/www.diartis.solutions\/fr\/wp-json\/wp\/v2\/pages\/874","targetHints":{"allow":["GET"]}}],"collection":[{"href":"https:\/\/www.diartis.solutions\/fr\/wp-json\/wp\/v2\/pages"}],"about":[{"href":"https:\/\/www.diartis.solutions\/fr\/wp-json\/wp\/v2\/types\/page"}],"author":[{"embeddable":true,"href":"https:\/\/www.diartis.solutions\/fr\/wp-json\/wp\/v2\/users\/1"}],"replies":[{"embeddable":true,"href":"https:\/\/www.diartis.solutions\/fr\/wp-json\/wp\/v2\/comments?post=874"}],"version-history":[{"count":17,"href":"https:\/\/www.diartis.solutions\/fr\/wp-json\/wp\/v2\/pages\/874\/revisions"}],"predecessor-version":[{"id":2462,"href":"https:\/\/www.diartis.solutions\/fr\/wp-json\/wp\/v2\/pages\/874\/revisions\/2462"}],"wp:featuredmedia":[{"embeddable":true,"href":"https:\/\/www.diartis.solutions\/fr\/wp-json\/wp\/v2\/media\/875"}],"wp:attachment":[{"href":"https:\/\/www.diartis.solutions\/fr\/wp-json\/wp\/v2\/media?parent=874"}],"curies":[{"name":"wp","href":"https:\/\/api.w.org\/{rel}","templated":true}]}}