{"id":570,"date":"2022-05-30T08:15:48","date_gmt":"2022-05-30T08:15:48","guid":{"rendered":"https:\/\/site.diartissolutions.ch\/?page_id=570"},"modified":"2024-04-09T05:59:13","modified_gmt":"2024-04-09T04:59:13","slug":"live-demo-anfordern-casenet","status":"publish","type":"page","link":"https:\/\/www.diartis.solutions\/fr\/live-demo-anfordern-casenet\/","title":{"rendered":"Demander une d\u00e9monstration en direct (CASEnet)"},"content":{"rendered":"\n<div style=\"height:30px\" aria-hidden=\"true\" class=\"wp-block-spacer\"><\/div>\n\n\n\n<div class=\"wp-block-columns is-layout-flex wp-container-core-columns-is-layout-9d6595d7 wp-block-columns-is-layout-flex\">\n<div class=\"wp-block-column is-layout-flow wp-block-column-is-layout-flow\" style=\"flex-basis:10.5%\"><\/div>\n\n\n\n<div class=\"wp-block-column is-layout-flow wp-block-column-is-layout-flow\" style=\"flex-basis:79%\">\n<h2 class=\"wp-block-heading\">Vos coordonn\u00e9es<\/h2>\n\n\n\n<h3 class=\"wp-block-heading\">D\u00c9MONSTRATION CASENET<\/h3>\n\n\n\n<div class=\"wp-block-contact-form-7-contact-form-selector\">\n<div class=\"wpcf7 no-js\" id=\"wpcf7-f778-o1\" lang=\"en-US\" dir=\"ltr\" data-wpcf7-id=\"778\">\n<div class=\"screen-reader-response\"><p role=\"status\" aria-live=\"polite\" aria-atomic=\"true\"><\/p> <ul><\/ul><\/div>\n<form action=\"\/fr\/wp-json\/wp\/v2\/pages\/570#wpcf7-f778-o1\" method=\"post\" class=\"wpcf7-form init\" aria-label=\"Contact form\" novalidate=\"novalidate\" data-status=\"init\">\n<fieldset class=\"hidden-fields-container\"><input type=\"hidden\" name=\"_wpcf7\" value=\"778\" \/><input type=\"hidden\" name=\"_wpcf7_version\" value=\"6.1.5\" \/><input type=\"hidden\" name=\"_wpcf7_locale\" value=\"en_US\" \/><input type=\"hidden\" name=\"_wpcf7_unit_tag\" value=\"wpcf7-f778-o1\" \/><input type=\"hidden\" name=\"_wpcf7_container_post\" value=\"0\" \/><input type=\"hidden\" name=\"_wpcf7_posted_data_hash\" value=\"\" \/>\n<\/fieldset>\n<div class=\"form-group form-required form-text\">\n\t<p><label class=\"col-form-label\">Organisation \/ Soci\u00e9t\u00e9*<small class=\"required\">*<\/small><\/label>\n\t<\/p>\n\t<div class=\"form-wrap\">\n\t\t<p><span class=\"wpcf7-form-control-wrap\" data-name=\"org-638\"><input size=\"40\" maxlength=\"400\" class=\"wpcf7-form-control wpcf7-text wpcf7-validates-as-required form-control\" aria-required=\"true\" aria-invalid=\"false\" value=\"\" type=\"text\" name=\"org-638\" \/><\/span>\n\t\t<\/p>\n\t<\/div>\n<\/div>\n<div class=\"form-group form-required form-text\">\n\t<p><label class=\"col-form-label\">Nom \/ Pr\u00e9nom<small class=\"required\">*<\/small><\/label>\n\t<\/p>\n\t<div class=\"form-wrap\">\n\t\t<p><span class=\"wpcf7-form-control-wrap\" data-name=\"name-637\"><input size=\"40\" maxlength=\"400\" class=\"wpcf7-form-control wpcf7-text wpcf7-validates-as-required form-control\" aria-required=\"true\" aria-invalid=\"false\" value=\"\" type=\"text\" name=\"name-637\" \/><\/span>\n\t\t<\/p>\n\t<\/div>\n<\/div>\n<div class=\"form-group form-required form-text\">\n\t<p><label class=\"col-form-label\">Adresse e-mail<small class=\"required\">*<\/small><\/label>\n\t<\/p>\n\t<div class=\"form-wrap\">\n\t\t<p><span class=\"wpcf7-form-control-wrap\" data-name=\"email-129\"><input size=\"40\" maxlength=\"400\" class=\"wpcf7-form-control wpcf7-email wpcf7-validates-as-required wpcf7-text wpcf7-validates-as-email form-control\" aria-required=\"true\" aria-invalid=\"false\" value=\"\" type=\"email\" name=\"email-129\" \/><\/span>\n\t\t<\/p>\n\t<\/div>\n<\/div>\n<div class=\"form-group form-text\">\n\t<p><label class=\"col-form-label\">Num\u00e9ro de t\u00e9l\u00e9phone<\/label>\n\t<\/p>\n\t<div class=\"form-wrap\">\n\t\t<p><span class=\"wpcf7-form-control-wrap\" data-name=\"tel-154\"><input size=\"40\" maxlength=\"400\" class=\"wpcf7-form-control wpcf7-tel wpcf7-text wpcf7-validates-as-tel form-control\" aria-invalid=\"false\" value=\"\" type=\"tel\" name=\"tel-154\" \/><\/span>\n\t\t<\/p>\n\t<\/div>\n<\/div>\n<div class=\"form-group form-group-check\">\n\t<p><label class=\"col-form-label\">Je voudrais ...<\/label>\n\t<\/p>\n\t<div class=\"form-wrap\">\n\t\t<ul class=\"inputs-list\">\n<span class=\"wpcf7-form-control-wrap\" data-name=\"checkbox-844\"><span class=\"wpcf7-form-control wpcf7-checkbox custom-control custom-checkbox\"><span class=\"wpcf7-list-item first\"><label><input type=\"checkbox\" name=\"checkbox-844[]\" value=\"...une d\u00e9monstration en direct \u00e0 Lenzbourg ou \u00e0 Berne\" \/><span class=\"wpcf7-list-item-label\">...une d\u00e9monstration en direct \u00e0 Lenzbourg ou \u00e0 Berne<\/span><\/label><\/span><span class=\"wpcf7-list-item\"><label><input type=\"checkbox\" name=\"checkbox-844[]\" value=\"... une d\u00e9monstration en direct chez moi\" \/><span class=\"wpcf7-list-item-label\">... une d\u00e9monstration en direct chez moi<\/span><\/label><\/span><span class=\"wpcf7-list-item last\"><label><input type=\"checkbox\" name=\"checkbox-844[]\" value=\"... une d\u00e9monstration en ligne\" \/><span class=\"wpcf7-list-item-label\">... une d\u00e9monstration en ligne<\/span><\/label><\/span><\/span><\/span>\n\t\t<\/ul>\n\t<\/div>\n<\/div>\n<div class=\"form-group form-textarea\">\n\t<p><label class=\"col-form-label\">Autres remarques<\/label>\n\t<\/p>\n\t<div class=\"form-wrap\">\n\t\t<p><span class=\"wpcf7-form-control-wrap\" data-name=\"textarea-628\"><textarea cols=\"40\" rows=\"10\" maxlength=\"2000\" class=\"wpcf7-form-control wpcf7-textarea form-control\" aria-invalid=\"false\" name=\"textarea-628\"><\/textarea><\/span>\n\t\t<\/p>\n\t<\/div>\n<\/div>\n<div class=\"actions row clearfix\">\n\t<nav class=\"form-navigation col-12\">\n\t\t<ul>\n\t\t\t<li class=\"btn btn-primary btn-icon submit\">\n\t\t\t\t<p><input class=\"wpcf7-form-control wpcf7-submit has-spinner\" type=\"submit\" value=\"Soumettre\" \/>\n\t\t\t\t<\/p>\n\t\t\t<\/li>\n\t\t<\/ul>\n\t<\/nav>\n<\/div><div class=\"wpcf7-response-output\" aria-hidden=\"true\"><\/div>\n<\/form>\n<\/div>\n<\/div>\n<\/div>\n\n\n\n<div class=\"wp-block-column is-layout-flow wp-block-column-is-layout-flow\" style=\"flex-basis:10.5%\"><\/div>\n<\/div>\n\n\n<div class=\"lazyblock-hd-call-to-action-Zr828e wp-block-lazyblock-hd-call-to-action\"><div class=\"content__cta\">\n    <div class=\"container\">\n        <div class=\"row\">\n\n            <div class=\"cta__col--left col-12 col-md-8\">\n                <h2 class=\"cta__headline\">\n                    Kontaktieren Sie uns! Wir beraten Sie gerne.                <\/h2>\n                <h3 class=\"cta__subtitle\">\n                    Technische Fragen und Support                <\/h3>\n                <p>Gerne beantworten wir Ihre Fragen per Telefon oder E-Mail.<\/p>\n                <div class=\"neos-contentcollection\">\n                    <div class=\"contact__method--number contact__method--phone\">\n                        <a href=\"tel:+41 58 510 35 00 \">\n                            +41 58 510 35 00                         <\/a>\n                    <\/div>\n                    <div class=\"contact__method--mail\">\n                        <a href=\"mailto:support@casenet.ch\">\n                            support@casenet.ch                        <\/a>\n                    <\/div>\n                                            <div class=\"contact__method--url\">\n                            <a target=\"_blank\" href=\"https:\/\/mantis.diartis.solutions\">\n                                HelpCenter                            <\/a>\n                        <\/div>\n                                    <\/div>\n            <\/div>\n\n            <div class=\"cta__col--right col-12 col-md-4\">\n                <div class=\"person__wrap col-12 col-sm-6 col-lg-4\">\n                    <div class=\"card card__person\">\n                        <div class=\"card-image\">\n                            <div class=\"card-image--wrapper\">\n                                <div class=\"img-ari--responsive\">\n                                                                            <img decoding=\"async\" class=\"person-image lazyload\" data-src=\"https:\/\/www.diartis.solutions\/wp-content\/uploads\/2022\/06\/portrait_marc_ziswiler.jpg\" alt=\"\" src=\"data:image\/svg+xml;base64,PHN2ZyB3aWR0aD0iMSIgaGVpZ2h0PSIxIiB4bWxucz0iaHR0cDovL3d3dy53My5vcmcvMjAwMC9zdmciPjwvc3ZnPg==\" style=\"--smush-placeholder-width: 200px; --smush-placeholder-aspect-ratio: 200\/200;\">\n                                                                    <\/div>\n                            <\/div>\n                        <\/div>\n                        <div class=\"card-body\">\n                            <h3 class=\"card-headline\">\n                                Directeur                            <\/h3>\n                            <div class=\"card-text\">\n                                <p class=\"person--name\">\n                                    Marc Ziswiler                                <\/p>\n                                <p class=\"person--jobTitle\">\n                                    Verkauf                                <\/p>\n                                <div class=\"person-contactdata\">\n                                    <div class=\"neos-contentcollection\">\n                                        <div class=\"contact__method--number contact__method--phone\">\n                                            <a href=\"tel:+41 58 510 35 63\">\n                                                +41 58 510 35 63                                            <\/a>\n                                        <\/div>\n                                        <div class=\"contact__method--mail\">\n                                            <a href=\"mailto:marc.ziswiler@diartis.solutions\">\n                                                marc.ziswiler@diartis.solutions                                            <\/a>\n                                        <\/div>\n                                    <\/div>\n                                <\/div>\n                            <\/div>\n                        <\/div>\n                    <\/div>\n                <\/div>\n            <\/div>\n\n        <\/div>\n    <\/div>\n<\/div><\/div>","protected":false},"excerpt":{"rendered":"<p>Vos coordonn\u00e9es D\u00c9MONSTRATION CASENET<\/p>\n","protected":false},"author":1,"featured_media":561,"parent":0,"menu_order":0,"comment_status":"closed","ping_status":"closed","template":"page-full-width.php","meta":{"_acf_changed":false,"inline_featured_image":false,"footnotes":""},"class_list":["post-570","page","type-page","status-publish","has-post-thumbnail","hentry"],"translation":{"provider":"WPGlobus","version":"3.0.2","language":"fr","enabled_languages":["de","fr"],"languages":{"de":{"title":true,"content":true,"excerpt":false},"fr":{"title":true,"content":true,"excerpt":false}}},"acf":{"page_subtitle":"","page_description":"Nous serions heureux de vous montrer comment fonctionne Casenet. Laissez-nous vos coordonn\u00e9es \u2013 nous vous recontacterons d\u00e8s que possible."},"yoast_head":"<!-- This site is optimized with the Yoast SEO plugin v26.9 - https:\/\/yoast.com\/product\/yoast-seo-wordpress\/ -->\n<title>Demander une d\u00e9monstration en direct (CASEnet) - Diartis Solutions<\/title>\n<meta name=\"robots\" content=\"index, follow, max-snippet:-1, max-image-preview:large, max-video-preview:-1\" \/>\n<link rel=\"canonical\" href=\"https:\/\/www.diartis.solutions\/live-demo-anfordern-casenet\/\" \/>\n<meta property=\"og:locale\" content=\"fr_FR\" \/>\n<meta property=\"og:type\" content=\"article\" \/>\n<meta property=\"og:title\" content=\"Demander une d\u00e9monstration en direct (CASEnet) - Diartis Solutions\" \/>\n<meta property=\"og:url\" content=\"https:\/\/www.diartis.solutions\/live-demo-anfordern-casenet\/\" \/>\n<meta property=\"og:site_name\" content=\"Diartis Solutions\" \/>\n<meta property=\"article:publisher\" content=\"https:\/\/www.facebook.com\/diartissolutions\" \/>\n<meta property=\"article:modified_time\" content=\"2024-04-09T04:59:13+00:00\" \/>\n<meta property=\"og:image\" content=\"https:\/\/www.diartis.solutions\/wp-content\/uploads\/2022\/05\/Diartis-6.jpg\" \/>\n\t<meta property=\"og:image:width\" content=\"930\" \/>\n\t<meta property=\"og:image:height\" content=\"431\" \/>\n\t<meta property=\"og:image:type\" content=\"image\/jpeg\" \/>\n<meta name=\"twitter:card\" content=\"summary_large_image\" \/>\n<meta name=\"twitter:label1\" content=\"Est. reading time\" \/>\n\t<meta name=\"twitter:data1\" content=\"1 minute\" \/>\n<script type=\"application\/ld+json\" class=\"yoast-schema-graph\">{\"@context\":\"https:\/\/schema.org\",\"@graph\":[{\"@type\":\"WebPage\",\"@id\":\"https:\/\/www.diartis.solutions\/live-demo-anfordern-casenet\/\",\"url\":\"https:\/\/www.diartis.solutions\/live-demo-anfordern-casenet\/\",\"name\":\"Demander une d\u00e9monstration en direct (CASEnet) - Diartis Solutions\",\"isPartOf\":{\"@id\":\"https:\/\/www.diartis.solutions\/en\/#website\"},\"primaryImageOfPage\":{\"@id\":\"https:\/\/www.diartis.solutions\/live-demo-anfordern-casenet\/#primaryimage\"},\"image\":{\"@id\":\"https:\/\/www.diartis.solutions\/live-demo-anfordern-casenet\/#primaryimage\"},\"thumbnailUrl\":\"https:\/\/www.diartis.solutions\/wp-content\/uploads\/2022\/05\/Diartis-6.jpg\",\"datePublished\":\"2022-05-30T08:15:48+00:00\",\"dateModified\":\"2024-04-09T04:59:13+00:00\",\"breadcrumb\":{\"@id\":\"https:\/\/www.diartis.solutions\/live-demo-anfordern-casenet\/#breadcrumb\"},\"inLanguage\":\"fr-FR\",\"potentialAction\":[{\"@type\":\"ReadAction\",\"target\":[\"https:\/\/www.diartis.solutions\/live-demo-anfordern-casenet\/\"]}]},{\"@type\":\"ImageObject\",\"inLanguage\":\"fr-FR\",\"@id\":\"https:\/\/www.diartis.solutions\/live-demo-anfordern-casenet\/#primaryimage\",\"url\":\"https:\/\/www.diartis.solutions\/wp-content\/uploads\/2022\/05\/Diartis-6.jpg\",\"contentUrl\":\"https:\/\/www.diartis.solutions\/wp-content\/uploads\/2022\/05\/Diartis-6.jpg\",\"width\":930,\"height\":431},{\"@type\":\"BreadcrumbList\",\"@id\":\"https:\/\/www.diartis.solutions\/live-demo-anfordern-casenet\/#breadcrumb\",\"itemListElement\":[{\"@type\":\"ListItem\",\"position\":1,\"name\":\"Home\",\"item\":\"https:\/\/www.diartis.solutions\/\"},{\"@type\":\"ListItem\",\"position\":2,\"name\":\"Live-Demo anfordern (CASEnet)\"}]},{\"@type\":\"WebSite\",\"@id\":\"https:\/\/www.diartis.solutions\/en\/#website\",\"url\":\"https:\/\/www.diartis.solutions\/en\/\",\"name\":\"Diartis Solutions\",\"description\":\"Solutions pour les personnes qui soutiennent des personnes\",\"publisher\":{\"@id\":\"https:\/\/www.diartis.solutions\/en\/#organization\"},\"potentialAction\":[{\"@type\":\"SearchAction\",\"target\":{\"@type\":\"EntryPoint\",\"urlTemplate\":\"https:\/\/www.diartis.solutions\/en\/?s={search_term_string}\"},\"query-input\":{\"@type\":\"PropertyValueSpecification\",\"valueRequired\":true,\"valueName\":\"search_term_string\"}}],\"inLanguage\":\"fr-FR\"},{\"@type\":\"Organization\",\"@id\":\"https:\/\/www.diartis.solutions\/en\/#organization\",\"name\":\"Diartis Solutions\",\"url\":\"https:\/\/www.diartis.solutions\/en\/\",\"logo\":{\"@type\":\"ImageObject\",\"inLanguage\":\"fr-FR\",\"@id\":\"https:\/\/www.diartis.solutions\/en\/#\/schema\/logo\/image\/\",\"url\":\"https:\/\/www.diartis.solutions\/wp-content\/uploads\/2022\/08\/logosolutionssmall.png\",\"contentUrl\":\"https:\/\/www.diartis.solutions\/wp-content\/uploads\/2022\/08\/logosolutionssmall.png\",\"width\":260,\"height\":115,\"caption\":\"Diartis Solutions\"},\"image\":{\"@id\":\"https:\/\/www.diartis.solutions\/en\/#\/schema\/logo\/image\/\"},\"sameAs\":[\"https:\/\/www.facebook.com\/diartissolutions\",\"https:\/\/www.linkedin.com\/company\/diartissolutions\",\"https:\/\/www.instagram.com\/diartis.solutions\"]}]}<\/script>\n<!-- \/ Yoast SEO plugin. -->","yoast_head_json":{"title":"Demander une d\u00e9monstration en direct (CASEnet) - Diartis Solutions","robots":{"index":"index","follow":"follow","max-snippet":"max-snippet:-1","max-image-preview":"max-image-preview:large","max-video-preview":"max-video-preview:-1"},"canonical":"https:\/\/www.diartis.solutions\/live-demo-anfordern-casenet\/","og_locale":"fr_FR","og_type":"article","og_title":"Demander une d\u00e9monstration en direct (CASEnet) - Diartis Solutions","og_url":"https:\/\/www.diartis.solutions\/live-demo-anfordern-casenet\/","og_site_name":"Diartis Solutions","article_publisher":"https:\/\/www.facebook.com\/diartissolutions","article_modified_time":"2024-04-09T04:59:13+00:00","og_image":[{"width":930,"height":431,"url":"https:\/\/www.diartis.solutions\/wp-content\/uploads\/2022\/05\/Diartis-6.jpg","type":"image\/jpeg"}],"twitter_card":"summary_large_image","twitter_misc":{"Est. reading time":"1 minute"},"schema":{"@context":"https:\/\/schema.org","@graph":[{"@type":"WebPage","@id":"https:\/\/www.diartis.solutions\/live-demo-anfordern-casenet\/","url":"https:\/\/www.diartis.solutions\/live-demo-anfordern-casenet\/","name":"Demander une d\u00e9monstration en direct (CASEnet) - Diartis Solutions","isPartOf":{"@id":"https:\/\/www.diartis.solutions\/en\/#website"},"primaryImageOfPage":{"@id":"https:\/\/www.diartis.solutions\/live-demo-anfordern-casenet\/#primaryimage"},"image":{"@id":"https:\/\/www.diartis.solutions\/live-demo-anfordern-casenet\/#primaryimage"},"thumbnailUrl":"https:\/\/www.diartis.solutions\/wp-content\/uploads\/2022\/05\/Diartis-6.jpg","datePublished":"2022-05-30T08:15:48+00:00","dateModified":"2024-04-09T04:59:13+00:00","breadcrumb":{"@id":"https:\/\/www.diartis.solutions\/live-demo-anfordern-casenet\/#breadcrumb"},"inLanguage":"fr-FR","potentialAction":[{"@type":"ReadAction","target":["https:\/\/www.diartis.solutions\/live-demo-anfordern-casenet\/"]}]},{"@type":"ImageObject","inLanguage":"fr-FR","@id":"https:\/\/www.diartis.solutions\/live-demo-anfordern-casenet\/#primaryimage","url":"https:\/\/www.diartis.solutions\/wp-content\/uploads\/2022\/05\/Diartis-6.jpg","contentUrl":"https:\/\/www.diartis.solutions\/wp-content\/uploads\/2022\/05\/Diartis-6.jpg","width":930,"height":431},{"@type":"BreadcrumbList","@id":"https:\/\/www.diartis.solutions\/live-demo-anfordern-casenet\/#breadcrumb","itemListElement":[{"@type":"ListItem","position":1,"name":"Home","item":"https:\/\/www.diartis.solutions\/"},{"@type":"ListItem","position":2,"name":"Live-Demo anfordern (CASEnet)"}]},{"@type":"WebSite","@id":"https:\/\/www.diartis.solutions\/en\/#website","url":"https:\/\/www.diartis.solutions\/en\/","name":"Diartis Solutions","description":"Solutions pour les personnes qui soutiennent des personnes","publisher":{"@id":"https:\/\/www.diartis.solutions\/en\/#organization"},"potentialAction":[{"@type":"SearchAction","target":{"@type":"EntryPoint","urlTemplate":"https:\/\/www.diartis.solutions\/en\/?s={search_term_string}"},"query-input":{"@type":"PropertyValueSpecification","valueRequired":true,"valueName":"search_term_string"}}],"inLanguage":"fr-FR"},{"@type":"Organization","@id":"https:\/\/www.diartis.solutions\/en\/#organization","name":"Diartis Solutions","url":"https:\/\/www.diartis.solutions\/en\/","logo":{"@type":"ImageObject","inLanguage":"fr-FR","@id":"https:\/\/www.diartis.solutions\/en\/#\/schema\/logo\/image\/","url":"https:\/\/www.diartis.solutions\/wp-content\/uploads\/2022\/08\/logosolutionssmall.png","contentUrl":"https:\/\/www.diartis.solutions\/wp-content\/uploads\/2022\/08\/logosolutionssmall.png","width":260,"height":115,"caption":"Diartis Solutions"},"image":{"@id":"https:\/\/www.diartis.solutions\/en\/#\/schema\/logo\/image\/"},"sameAs":["https:\/\/www.facebook.com\/diartissolutions","https:\/\/www.linkedin.com\/company\/diartissolutions","https:\/\/www.instagram.com\/diartis.solutions"]}]}},"_links":{"self":[{"href":"https:\/\/www.diartis.solutions\/fr\/wp-json\/wp\/v2\/pages\/570","targetHints":{"allow":["GET"]}}],"collection":[{"href":"https:\/\/www.diartis.solutions\/fr\/wp-json\/wp\/v2\/pages"}],"about":[{"href":"https:\/\/www.diartis.solutions\/fr\/wp-json\/wp\/v2\/types\/page"}],"author":[{"embeddable":true,"href":"https:\/\/www.diartis.solutions\/fr\/wp-json\/wp\/v2\/users\/1"}],"replies":[{"embeddable":true,"href":"https:\/\/www.diartis.solutions\/fr\/wp-json\/wp\/v2\/comments?post=570"}],"version-history":[{"count":4,"href":"https:\/\/www.diartis.solutions\/fr\/wp-json\/wp\/v2\/pages\/570\/revisions"}],"predecessor-version":[{"id":2354,"href":"https:\/\/www.diartis.solutions\/fr\/wp-json\/wp\/v2\/pages\/570\/revisions\/2354"}],"wp:featuredmedia":[{"embeddable":true,"href":"https:\/\/www.diartis.solutions\/fr\/wp-json\/wp\/v2\/media\/561"}],"wp:attachment":[{"href":"https:\/\/www.diartis.solutions\/fr\/wp-json\/wp\/v2\/media?parent=570"}],"curies":[{"name":"wp","href":"https:\/\/api.w.org\/{rel}","templated":true}]}}