{"id":279,"date":"2022-05-22T12:19:35","date_gmt":"2022-05-22T12:19:35","guid":{"rendered":"https:\/\/site.diartissolutions.ch\/?page_id=279"},"modified":"2026-01-19T11:32:59","modified_gmt":"2026-01-19T10:32:59","slug":"jobs-karriere","status":"publish","type":"page","link":"https:\/\/www.diartis.solutions\/fr\/jobs-karriere\/","title":{"rendered":"Emplois &#038; Carri\u00e8re"},"content":{"rendered":"<div class=\"lazyblock-hd-two-columns-1UufYh wp-block-lazyblock-hd-two-columns\"><div class=\"content__two-columns content__multicolumns\">\n    <div class=\"container\">\n        <div class=\"two-columns__row row\">\n            <div class=\"two-columns__content--col-left col-12 col-lg-8\">\n                <div class=\"neos-contentcollection\">\n                    <div class=\"content__text container\">\n                        <h2>Travailler chez le meilleur employeur<\/h2>\n<p>Nous sommes toujours \u00e0 la recherche de nouveaux talents, que ce soit pour le d\u00e9veloppement de logiciels, le service client\u00e8le\/support ou la gestion de projets ou de produits. Notre vision, nos services et nos produits vous parlent ? Vous souhaitez continuer \u00e0 \u00e9voluer dans un environnement de travail dynamique et prosp\u00e8re ? Alors n&#8217;h\u00e9sitez plus ! Envoyez votre postulation compl\u00e8te \u00e0 Beat Hohermuth, notre responsable du personnel, par e-mail.<\/p>\n<p>Gr\u00e2ce \u00e0 nos quatre valeurs fondamentales que sont l&#8217;honn\u00eatet\u00e9, l&#8217;estime, la responsabilit\u00e9 et l&#8217;esprit d&#8217;entreprise, nous aidons nos collaborateurs \u00e0 se d\u00e9velopper et les faisons prendre part \u00e0 la r\u00e9ussite. Peut-\u00eatre vous aussi, bient\u00f4t\u00a0?<\/p>                    <\/div>\n                <\/div>\n            <\/div>\n            <div class=\"two-columns__content--col-right col-12 col-lg-4 hd-sidebar-content\">\n                <div class=\"neos-contentcollection\">\n                    \n\n<h2 class=\"wp-block-heading\">Postes vacants<\/h2>\n\n\n<div class=\"lazyblock-hd-list-of-links-ZWBmFb wp-block-lazyblock-hd-list-of-links\"><div class=\"content__link-collection container\">\n    <div class=\"row neos-contentcollection\">\n            <\/div>\n<\/div><\/div>\n\n\n<div style=\"height:15px\" aria-hidden=\"true\" class=\"wp-block-spacer\"><\/div>\n\n\n<div class=\"lazyblock-hd-button-Z1DzS3m wp-block-lazyblock-hd-button\"><div class=\"d-print-none btn btn-primary btn-icon\">\n    <p class=\"btn-linked\">\n        <a href=\"mailto:beat.hohermuth@diartis.solutions\">\n            Envoyer un e-mail        <\/a>\n    <\/p>\n<\/div><\/div>\n                <\/div>\n            <\/div>\n        <\/div>\n    <\/div>\n<\/div><\/div>\n\n<div class=\"lazyblock-hd-call-to-action-ZNXiqU wp-block-lazyblock-hd-call-to-action\"><div class=\"content__cta\">\n    <div class=\"container\">\n        <div class=\"row\">\n\n            <div class=\"cta__col--left col-12 col-md-8\">\n                <h2 class=\"cta__headline\">\n                    Int\u00e9ress\u00e9 ?                <\/h2>\n                <h3 class=\"cta__subtitle\">\n                    Prenez contact avec nous. Nous sommes impatients de vous entendre.                 <\/h3>\n                <p><\/p>\n                <div class=\"neos-contentcollection\">\n                    <div class=\"contact__method--number contact__method--phone\">\n                        <a href=\"tel:\">\n                                                    <\/a>\n                    <\/div>\n                    <div class=\"contact__method--mail\">\n                        <a href=\"mailto:\">\n                                                    <\/a>\n                    <\/div>\n                                    <\/div>\n            <\/div>\n\n            <div class=\"cta__col--right col-12 col-md-4\">\n                <div class=\"person__wrap col-12 col-sm-6 col-lg-4\">\n                    <div class=\"card card__person\">\n                        <div class=\"card-image\">\n                            <div class=\"card-image--wrapper\">\n                                <div class=\"img-ari--responsive\">\n                                                                            <img decoding=\"async\" class=\"person-image lazyload\" data-src=\"https:\/\/www.diartis.solutions\/wp-content\/uploads\/2022\/06\/people_beat_hohermuth-1.jpg\" alt=\"\" src=\"data:image\/svg+xml;base64,PHN2ZyB3aWR0aD0iMSIgaGVpZ2h0PSIxIiB4bWxucz0iaHR0cDovL3d3dy53My5vcmcvMjAwMC9zdmciPjwvc3ZnPg==\" style=\"--smush-placeholder-width: 350px; --smush-placeholder-aspect-ratio: 350\/220;\">\n                                                                    <\/div>\n                            <\/div>\n                        <\/div>\n                        <div class=\"card-body\">\n                            <h3 class=\"card-headline\">\n                                                            <\/h3>\n                            <div class=\"card-text\">\n                                <p class=\"person--name\">\n                                    Beat Hohermuth                                <\/p>\n                                <p class=\"person--jobTitle\">\n                                    PDG                                <\/p>\n                                <div class=\"person-contactdata\">\n                                    <div class=\"neos-contentcollection\">\n                                        <div class=\"contact__method--number contact__method--phone\">\n                                            <a href=\"tel:\">\n                                                                                            <\/a>\n                                        <\/div>\n                                        <div class=\"contact__method--mail\">\n                                            <a href=\"mailto:beat.hohermuth@diartis.solutions\">\n                                                beat.hohermuth@diartis.solutions                                            <\/a>\n                                        <\/div>\n                                    <\/div>\n                                <\/div>\n                            <\/div>\n                        <\/div>\n                    <\/div>\n                <\/div>\n            <\/div>\n\n        <\/div>\n    <\/div>\n<\/div><\/div>","protected":false},"excerpt":{"rendered":"","protected":false},"author":1,"featured_media":326,"parent":0,"menu_order":0,"comment_status":"closed","ping_status":"closed","template":"page-full-width.php","meta":{"_acf_changed":false,"inline_featured_image":false,"footnotes":""},"class_list":["post-279","page","type-page","status-publish","has-post-thumbnail","hentry"],"translation":{"provider":"WPGlobus","version":"3.0.2","language":"fr","enabled_languages":["de","fr"],"languages":{"de":{"title":true,"content":true,"excerpt":false},"fr":{"title":true,"content":true,"excerpt":false}}},"acf":{"page_subtitle":"","page_description":"Vous voulez soutenir des personnes qui en soutiennent d'autres ? Montez \u00e0 bord!"},"yoast_head":"<!-- This site is optimized with the Yoast SEO plugin v26.9 - https:\/\/yoast.com\/product\/yoast-seo-wordpress\/ -->\n<title>Emplois &amp; Carri\u00e8re - Diartis Solutions<\/title>\n<meta name=\"robots\" content=\"index, follow, max-snippet:-1, max-image-preview:large, max-video-preview:-1\" \/>\n<link rel=\"canonical\" href=\"https:\/\/www.diartis.solutions\/jobs-karriere\/\" \/>\n<meta property=\"og:locale\" content=\"fr_FR\" \/>\n<meta property=\"og:type\" content=\"article\" \/>\n<meta property=\"og:title\" content=\"Emplois &amp; Carri\u00e8re - Diartis Solutions\" \/>\n<meta property=\"og:url\" content=\"https:\/\/www.diartis.solutions\/jobs-karriere\/\" \/>\n<meta property=\"og:site_name\" content=\"Diartis Solutions\" \/>\n<meta property=\"article:publisher\" content=\"https:\/\/www.facebook.com\/diartissolutions\" \/>\n<meta property=\"article:modified_time\" content=\"2026-01-19T10:32:59+00:00\" \/>\n<meta property=\"og:image\" content=\"https:\/\/www.diartis.solutions\/wp-content\/uploads\/2022\/05\/Diartis-236.jpg\" \/>\n\t<meta property=\"og:image:width\" content=\"930\" \/>\n\t<meta property=\"og:image:height\" content=\"431\" \/>\n\t<meta property=\"og:image:type\" content=\"image\/jpeg\" \/>\n<meta name=\"twitter:card\" content=\"summary_large_image\" \/>\n<meta name=\"twitter:label1\" content=\"Est. reading time\" \/>\n\t<meta name=\"twitter:data1\" content=\"1 minute\" \/>\n<script type=\"application\/ld+json\" class=\"yoast-schema-graph\">{\"@context\":\"https:\/\/schema.org\",\"@graph\":[{\"@type\":\"WebPage\",\"@id\":\"https:\/\/www.diartis.solutions\/jobs-karriere\/\",\"url\":\"https:\/\/www.diartis.solutions\/jobs-karriere\/\",\"name\":\"Emplois & Carri\u00e8re - Diartis Solutions\",\"isPartOf\":{\"@id\":\"https:\/\/www.diartis.solutions\/en\/#website\"},\"primaryImageOfPage\":{\"@id\":\"https:\/\/www.diartis.solutions\/jobs-karriere\/#primaryimage\"},\"image\":{\"@id\":\"https:\/\/www.diartis.solutions\/jobs-karriere\/#primaryimage\"},\"thumbnailUrl\":\"https:\/\/www.diartis.solutions\/wp-content\/uploads\/2022\/05\/Diartis-236.jpg\",\"datePublished\":\"2022-05-22T12:19:35+00:00\",\"dateModified\":\"2026-01-19T10:32:59+00:00\",\"breadcrumb\":{\"@id\":\"https:\/\/www.diartis.solutions\/jobs-karriere\/#breadcrumb\"},\"inLanguage\":\"fr-FR\",\"potentialAction\":[{\"@type\":\"ReadAction\",\"target\":[\"https:\/\/www.diartis.solutions\/jobs-karriere\/\"]}]},{\"@type\":\"ImageObject\",\"inLanguage\":\"fr-FR\",\"@id\":\"https:\/\/www.diartis.solutions\/jobs-karriere\/#primaryimage\",\"url\":\"https:\/\/www.diartis.solutions\/wp-content\/uploads\/2022\/05\/Diartis-236.jpg\",\"contentUrl\":\"https:\/\/www.diartis.solutions\/wp-content\/uploads\/2022\/05\/Diartis-236.jpg\",\"width\":930,\"height\":431},{\"@type\":\"BreadcrumbList\",\"@id\":\"https:\/\/www.diartis.solutions\/jobs-karriere\/#breadcrumb\",\"itemListElement\":[{\"@type\":\"ListItem\",\"position\":1,\"name\":\"Home\",\"item\":\"https:\/\/www.diartis.solutions\/\"},{\"@type\":\"ListItem\",\"position\":2,\"name\":\"Jobs &#038; Karriere\"}]},{\"@type\":\"WebSite\",\"@id\":\"https:\/\/www.diartis.solutions\/en\/#website\",\"url\":\"https:\/\/www.diartis.solutions\/en\/\",\"name\":\"Diartis Solutions\",\"description\":\"Solutions pour les personnes qui soutiennent des personnes\",\"publisher\":{\"@id\":\"https:\/\/www.diartis.solutions\/en\/#organization\"},\"potentialAction\":[{\"@type\":\"SearchAction\",\"target\":{\"@type\":\"EntryPoint\",\"urlTemplate\":\"https:\/\/www.diartis.solutions\/en\/?s={search_term_string}\"},\"query-input\":{\"@type\":\"PropertyValueSpecification\",\"valueRequired\":true,\"valueName\":\"search_term_string\"}}],\"inLanguage\":\"fr-FR\"},{\"@type\":\"Organization\",\"@id\":\"https:\/\/www.diartis.solutions\/en\/#organization\",\"name\":\"Diartis Solutions\",\"url\":\"https:\/\/www.diartis.solutions\/en\/\",\"logo\":{\"@type\":\"ImageObject\",\"inLanguage\":\"fr-FR\",\"@id\":\"https:\/\/www.diartis.solutions\/en\/#\/schema\/logo\/image\/\",\"url\":\"https:\/\/www.diartis.solutions\/wp-content\/uploads\/2022\/08\/logosolutionssmall.png\",\"contentUrl\":\"https:\/\/www.diartis.solutions\/wp-content\/uploads\/2022\/08\/logosolutionssmall.png\",\"width\":260,\"height\":115,\"caption\":\"Diartis Solutions\"},\"image\":{\"@id\":\"https:\/\/www.diartis.solutions\/en\/#\/schema\/logo\/image\/\"},\"sameAs\":[\"https:\/\/www.facebook.com\/diartissolutions\",\"https:\/\/www.linkedin.com\/company\/diartissolutions\",\"https:\/\/www.instagram.com\/diartis.solutions\"]}]}<\/script>\n<!-- \/ Yoast SEO plugin. -->","yoast_head_json":{"title":"Emplois & Carri\u00e8re - Diartis Solutions","robots":{"index":"index","follow":"follow","max-snippet":"max-snippet:-1","max-image-preview":"max-image-preview:large","max-video-preview":"max-video-preview:-1"},"canonical":"https:\/\/www.diartis.solutions\/jobs-karriere\/","og_locale":"fr_FR","og_type":"article","og_title":"Emplois & Carri\u00e8re - Diartis Solutions","og_url":"https:\/\/www.diartis.solutions\/jobs-karriere\/","og_site_name":"Diartis Solutions","article_publisher":"https:\/\/www.facebook.com\/diartissolutions","article_modified_time":"2026-01-19T10:32:59+00:00","og_image":[{"width":930,"height":431,"url":"https:\/\/www.diartis.solutions\/wp-content\/uploads\/2022\/05\/Diartis-236.jpg","type":"image\/jpeg"}],"twitter_card":"summary_large_image","twitter_misc":{"Est. reading time":"1 minute"},"schema":{"@context":"https:\/\/schema.org","@graph":[{"@type":"WebPage","@id":"https:\/\/www.diartis.solutions\/jobs-karriere\/","url":"https:\/\/www.diartis.solutions\/jobs-karriere\/","name":"Emplois & Carri\u00e8re - Diartis Solutions","isPartOf":{"@id":"https:\/\/www.diartis.solutions\/en\/#website"},"primaryImageOfPage":{"@id":"https:\/\/www.diartis.solutions\/jobs-karriere\/#primaryimage"},"image":{"@id":"https:\/\/www.diartis.solutions\/jobs-karriere\/#primaryimage"},"thumbnailUrl":"https:\/\/www.diartis.solutions\/wp-content\/uploads\/2022\/05\/Diartis-236.jpg","datePublished":"2022-05-22T12:19:35+00:00","dateModified":"2026-01-19T10:32:59+00:00","breadcrumb":{"@id":"https:\/\/www.diartis.solutions\/jobs-karriere\/#breadcrumb"},"inLanguage":"fr-FR","potentialAction":[{"@type":"ReadAction","target":["https:\/\/www.diartis.solutions\/jobs-karriere\/"]}]},{"@type":"ImageObject","inLanguage":"fr-FR","@id":"https:\/\/www.diartis.solutions\/jobs-karriere\/#primaryimage","url":"https:\/\/www.diartis.solutions\/wp-content\/uploads\/2022\/05\/Diartis-236.jpg","contentUrl":"https:\/\/www.diartis.solutions\/wp-content\/uploads\/2022\/05\/Diartis-236.jpg","width":930,"height":431},{"@type":"BreadcrumbList","@id":"https:\/\/www.diartis.solutions\/jobs-karriere\/#breadcrumb","itemListElement":[{"@type":"ListItem","position":1,"name":"Home","item":"https:\/\/www.diartis.solutions\/"},{"@type":"ListItem","position":2,"name":"Jobs &#038; Karriere"}]},{"@type":"WebSite","@id":"https:\/\/www.diartis.solutions\/en\/#website","url":"https:\/\/www.diartis.solutions\/en\/","name":"Diartis Solutions","description":"Solutions pour les personnes qui soutiennent des personnes","publisher":{"@id":"https:\/\/www.diartis.solutions\/en\/#organization"},"potentialAction":[{"@type":"SearchAction","target":{"@type":"EntryPoint","urlTemplate":"https:\/\/www.diartis.solutions\/en\/?s={search_term_string}"},"query-input":{"@type":"PropertyValueSpecification","valueRequired":true,"valueName":"search_term_string"}}],"inLanguage":"fr-FR"},{"@type":"Organization","@id":"https:\/\/www.diartis.solutions\/en\/#organization","name":"Diartis Solutions","url":"https:\/\/www.diartis.solutions\/en\/","logo":{"@type":"ImageObject","inLanguage":"fr-FR","@id":"https:\/\/www.diartis.solutions\/en\/#\/schema\/logo\/image\/","url":"https:\/\/www.diartis.solutions\/wp-content\/uploads\/2022\/08\/logosolutionssmall.png","contentUrl":"https:\/\/www.diartis.solutions\/wp-content\/uploads\/2022\/08\/logosolutionssmall.png","width":260,"height":115,"caption":"Diartis Solutions"},"image":{"@id":"https:\/\/www.diartis.solutions\/en\/#\/schema\/logo\/image\/"},"sameAs":["https:\/\/www.facebook.com\/diartissolutions","https:\/\/www.linkedin.com\/company\/diartissolutions","https:\/\/www.instagram.com\/diartis.solutions"]}]}},"_links":{"self":[{"href":"https:\/\/www.diartis.solutions\/fr\/wp-json\/wp\/v2\/pages\/279","targetHints":{"allow":["GET"]}}],"collection":[{"href":"https:\/\/www.diartis.solutions\/fr\/wp-json\/wp\/v2\/pages"}],"about":[{"href":"https:\/\/www.diartis.solutions\/fr\/wp-json\/wp\/v2\/types\/page"}],"author":[{"embeddable":true,"href":"https:\/\/www.diartis.solutions\/fr\/wp-json\/wp\/v2\/users\/1"}],"replies":[{"embeddable":true,"href":"https:\/\/www.diartis.solutions\/fr\/wp-json\/wp\/v2\/comments?post=279"}],"version-history":[{"count":27,"href":"https:\/\/www.diartis.solutions\/fr\/wp-json\/wp\/v2\/pages\/279\/revisions"}],"predecessor-version":[{"id":2479,"href":"https:\/\/www.diartis.solutions\/fr\/wp-json\/wp\/v2\/pages\/279\/revisions\/2479"}],"wp:featuredmedia":[{"embeddable":true,"href":"https:\/\/www.diartis.solutions\/fr\/wp-json\/wp\/v2\/media\/326"}],"wp:attachment":[{"href":"https:\/\/www.diartis.solutions\/fr\/wp-json\/wp\/v2\/media?parent=279"}],"curies":[{"name":"wp","href":"https:\/\/api.w.org\/{rel}","templated":true}]}}