{"id":2329,"date":"2024-03-19T17:07:13","date_gmt":"2024-03-19T16:07:13","guid":{"rendered":"https:\/\/www.diartis.solutions\/?page_id=2329"},"modified":"2024-03-19T17:28:31","modified_gmt":"2024-03-19T16:28:31","slug":"system-engineer-m-w-mit-sql-erfahrung-80-100","status":"publish","type":"page","link":"https:\/\/www.diartis.solutions\/fr\/jobs-karriere\/system-engineer-m-w-mit-sql-erfahrung-80-100\/","title":{"rendered":"System Engineer (m\/w) mit SQL-Erfahrung 80 \u2013 100%"},"content":{"rendered":"\n<div style=\"height:12px\" aria-hidden=\"true\" class=\"wp-block-spacer\"><\/div>\n\n\n\n<h2 class=\"wp-block-heading\"><strong>Deine Mission<\/strong><\/h2>\n\n\n\n<p>Du entwickelst und unterh\u00e4ltst die individuellen Fallmanagement-L\u00f6sungen unsere Kunden auf der Basis unseres Software Frameworks CASEnet. Damit verst\u00e4rkst du unser Team im Solutions Development und bist die erste Adresse, wenn unser Account Management technische Fragen hat.&nbsp;<\/p>\n\n\n\n<div style=\"height:30px\" aria-hidden=\"true\" class=\"wp-block-spacer\"><\/div>\n\n\n\n<h2 class=\"wp-block-heading\"><strong>Deine t\u00e4glichen Herausforderungen<\/strong><\/h2>\n\n\n\n<ul class=\"wp-block-list\">\n<li>Aufsetzen der Applikationsumgebungen (Windows, IIS, Microsoft SQL Server inkl. Reporting Services) im eigenen Data-Center und Mitarbeit bei externen Hostings, inkl. Datenbank Administration&nbsp;<\/li>\n\n\n\n<li>Modellierung individueller L\u00f6sungen auf Basis des bestehenden Frameworks (XML, T-SQL)&nbsp;<\/li>\n\n\n\n<li>2nd und 3rd Level Support (alternierend)&nbsp;<\/li>\n\n\n\n<li>Erstellung von T-SQL Abfragen, Stored Procedures und Funktionen&nbsp;&nbsp;<\/li>\n\n\n\n<li>Implementierung von automatisierten Datenbank-Jobs (SQL-Server Agent)&nbsp;&nbsp;<\/li>\n\n\n\n<li>Daten\u00fcbernahmen aus Fremd- oder Eigensystemen&nbsp;<\/li>\n<\/ul>\n\n\n\n<div style=\"height:30px\" aria-hidden=\"true\" class=\"wp-block-spacer\"><\/div>\n\n\n\n<h2 class=\"wp-block-heading\"><strong>Diesen Rucksack bringst du mit&nbsp;<\/strong><\/h2>\n\n\n\n<ul class=\"wp-block-list\">\n<li>Vertieftes technisches Verst\u00e4ndnis der Umsysteme, z.B. Internet Information Services IIS&nbsp;<\/li>\n\n\n\n<li>Praxiserprobte Erfahrung in der Datenbank-Programmierung mit T-SQL&nbsp;<\/li>\n\n\n\n<li>Erfahrung im Bereich System-Administration und Configuration Management&nbsp;<\/li>\n\n\n\n<li>Analytische und abstrahierende Denkweise, hohes technisches Verst\u00e4ndnis und schnelle Auffassung&nbsp;<\/li>\n\n\n\n<li>F\u00e4higkeit im Umgang mit Komplexit\u00e4t (Prozesse, Projekte und Programmierung)&nbsp;<\/li>\n\n\n\n<li>Sehr gute Deutschkenntnisse in Wort und Schrift, gute Englischkenntnisse (mindestens B1)&nbsp;<\/li>\n<\/ul>\n\n\n\n<div style=\"height:29px\" aria-hidden=\"true\" class=\"wp-block-spacer\"><\/div>\n\n\n\n<h2 class=\"wp-block-heading\"><strong>Deine Entwicklungsperspektiven<\/strong><\/h2>\n\n\n\n<p>Wir f\u00f6rdern Verantwortungs\u00fcbernahme und erm\u00f6glichen fachliche sowie pers\u00f6nliche Weiterentwicklung. Dabei ber\u00fccksichtigen wir dein Potenzial und deine Interessen.&nbsp;<\/p>\n\n\n\n<div style=\"height:32px\" aria-hidden=\"true\" class=\"wp-block-spacer\"><\/div>\n\n\n\n<h2 class=\"wp-block-heading\"><strong>Dein k\u00fcnftiges Umfeld<\/strong><\/h2>\n\n\n\n<p>Unsere Kernkompetenz liegt in der Entwicklung von individuellen Fallmanagement-L\u00f6sungen im DACH-Raum.\u00a0<\/p>\n\n\n\n<p>Wir sind ein junges, dynamisches Team und leben t\u00e4glich unsere Grundwerte. Zielorientiert, frei und wertsch\u00e4tzend h\u00e4ngen bei uns nicht nur als schicker Slogan an der Wand.\u00a0\u00a0<\/p>\n\n\n\n<div style=\"height:30px\" aria-hidden=\"true\" class=\"wp-block-spacer\"><\/div>\n\n\n\n<h2 class=\"wp-block-heading\"><strong><strong>Bei uns geniesst du<\/strong>&nbsp;<\/strong><\/h2>\n\n\n\n<ul class=\"wp-block-list\">\n<li><strong>Sicherheit<\/strong>: Unbefristeter Arbeitsvertrag&nbsp;<\/li>\n\n\n\n<li><strong>Work-Life-Balance<\/strong>: Flexible Arbeitszeit durch mobiles Arbeiten und Homeoffice&nbsp;<\/li>\n\n\n\n<li><strong>Wir legen Wert auf:<\/strong> Einen wertsch\u00e4tzenden Umgang, flache Hierarchien und kurze Entscheidungswege&nbsp;<\/li>\n\n\n\n<li><strong>Deine Weiterentwicklung<\/strong>: Umfangreiche Einarbeitung sowie individuelle Weiterbildungen&nbsp;<\/li>\n\n\n\n<li><strong>F\u00fcr den Spassfaktor<\/strong>: Teamevents und Veranstaltungen, kostenfreie Getr\u00e4nke &amp; einen T\u00f6ggelikasten vor Ort&nbsp;<\/li>\n<\/ul>\n\n\n\n<div style=\"height:30px\" aria-hidden=\"true\" class=\"wp-block-spacer\"><\/div>\n\n\n\n<h2 class=\"wp-block-heading\"><strong>Nun bist du an der Reihe<\/strong><\/h2>\n\n\n\n<p>Du brennst f\u00fcr agiles Teamwork und m\u00f6chtest in einem sinnstiftenden Umfeld arbeiten? Dann auf gehts!\u00a0<\/p>\n\n\n\n<div class=\"wp-block-media-text alignwide is-stacked-on-mobile is-vertically-aligned-top\" style=\"grid-template-columns:32% auto\"><figure class=\"wp-block-media-text__media\"><a href=\"https:\/\/www.diartis.solutions\/wp-content\/uploads\/2022\/06\/people_giuseppe_messina-1.jpg\"><img decoding=\"async\" width=\"1024\" height=\"643\" data-src=\"https:\/\/www.diartis.solutions\/wp-content\/uploads\/2022\/06\/people_giuseppe_messina-1-1024x643.jpg\" alt=\"\" class=\"wp-image-1078 size-full lazyload\" data-srcset=\"https:\/\/www.diartis.solutions\/wp-content\/uploads\/2022\/06\/people_giuseppe_messina-1-1024x643.jpg 1024w, https:\/\/www.diartis.solutions\/wp-content\/uploads\/2022\/06\/people_giuseppe_messina-1-300x188.jpg 300w, https:\/\/www.diartis.solutions\/wp-content\/uploads\/2022\/06\/people_giuseppe_messina-1-768x483.jpg 768w, https:\/\/www.diartis.solutions\/wp-content\/uploads\/2022\/06\/people_giuseppe_messina-1-1536x965.jpg 1536w, https:\/\/www.diartis.solutions\/wp-content\/uploads\/2022\/06\/people_giuseppe_messina-1-340x214.jpg 340w, https:\/\/www.diartis.solutions\/wp-content\/uploads\/2022\/06\/people_giuseppe_messina-1.jpg 1910w\" data-sizes=\"(max-width: 1024px) 100vw, 1024px\" src=\"data:image\/svg+xml;base64,PHN2ZyB3aWR0aD0iMSIgaGVpZ2h0PSIxIiB4bWxucz0iaHR0cDovL3d3dy53My5vcmcvMjAwMC9zdmciPjwvc3ZnPg==\" style=\"--smush-placeholder-width: 1024px; --smush-placeholder-aspect-ratio: 1024\/643;\" \/><\/a><\/figure><div class=\"wp-block-media-text__content\">\n<p class=\"has-text-align-left\">Giuseppe Messina freut sich auf Deine E-Mail-Bewerbung an <a href=\"mailto:amanda.roth@diartis.solutions\">giuseppe.messina@diartis.solution<\/a><a href=\"mailto:giuseppe.messina@diartis.solutions\">s<\/a><\/p>\n\n\n\n<p><\/p>\n<\/div><\/div>\n","protected":false},"excerpt":{"rendered":"<p>Deine Mission Du entwickelst und unterh\u00e4ltst die individuellen Fallmanagement-L\u00f6sungen unsere Kunden auf der Basis unseres&#8230;<\/p>\n","protected":false},"author":1,"featured_media":420,"parent":279,"menu_order":0,"comment_status":"closed","ping_status":"closed","template":"","meta":{"_acf_changed":false,"inline_featured_image":false,"footnotes":""},"class_list":["post-2329","page","type-page","status-publish","has-post-thumbnail","hentry"],"translation":{"provider":"WPGlobus","version":"3.0.2","language":"fr","enabled_languages":["de","fr"],"languages":{"de":{"title":true,"content":true,"excerpt":false},"fr":{"title":false,"content":false,"excerpt":false}}},"acf":{"page_subtitle":"","page_description":"Engagiert, voller Ideen und gerne eigenverantwortlich handelnd? Brennen Sie f\u00fcr agiles Teamwork und wollen in einem sinnstiftenden Umfeld arbeiten? Super, dann passt Du zur Diartis. "},"yoast_head":"<!-- This site is optimized with the Yoast SEO plugin v26.9 - https:\/\/yoast.com\/product\/yoast-seo-wordpress\/ -->\n<title>System Engineer (m\/w) mit SQL-Erfahrung 80 \u2013 100% - Diartis Solutions<\/title>\n<meta name=\"robots\" content=\"index, follow, max-snippet:-1, max-image-preview:large, max-video-preview:-1\" \/>\n<link rel=\"canonical\" href=\"https:\/\/www.diartis.solutions\/jobs-karriere\/system-engineer-m-w-mit-sql-erfahrung-80-100\/\" \/>\n<meta property=\"og:locale\" content=\"fr_FR\" \/>\n<meta property=\"og:type\" content=\"article\" \/>\n<meta property=\"og:title\" content=\"System Engineer (m\/w) mit SQL-Erfahrung 80 \u2013 100% - Diartis Solutions\" \/>\n<meta property=\"og:url\" content=\"https:\/\/www.diartis.solutions\/jobs-karriere\/system-engineer-m-w-mit-sql-erfahrung-80-100\/\" \/>\n<meta property=\"og:site_name\" content=\"Diartis Solutions\" \/>\n<meta property=\"article:publisher\" content=\"https:\/\/www.facebook.com\/diartissolutions\" \/>\n<meta property=\"article:modified_time\" content=\"2024-03-19T16:28:31+00:00\" \/>\n<meta property=\"og:image\" content=\"https:\/\/www.diartis.solutions\/wp-content\/uploads\/2022\/05\/Diartis-188.jpg\" \/>\n\t<meta property=\"og:image:width\" content=\"930\" \/>\n\t<meta property=\"og:image:height\" content=\"431\" \/>\n\t<meta property=\"og:image:type\" content=\"image\/jpeg\" \/>\n<meta name=\"twitter:card\" content=\"summary_large_image\" \/>\n<meta name=\"twitter:label1\" content=\"Est. reading time\" \/>\n\t<meta name=\"twitter:data1\" content=\"2 minutes\" \/>\n<script type=\"application\/ld+json\" class=\"yoast-schema-graph\">{\"@context\":\"https:\/\/schema.org\",\"@graph\":[{\"@type\":\"WebPage\",\"@id\":\"https:\/\/www.diartis.solutions\/jobs-karriere\/system-engineer-m-w-mit-sql-erfahrung-80-100\/\",\"url\":\"https:\/\/www.diartis.solutions\/jobs-karriere\/system-engineer-m-w-mit-sql-erfahrung-80-100\/\",\"name\":\"System Engineer (m\/w) mit SQL-Erfahrung 80 \u2013 100% - Diartis Solutions\",\"isPartOf\":{\"@id\":\"https:\/\/www.diartis.solutions\/en\/#website\"},\"primaryImageOfPage\":{\"@id\":\"https:\/\/www.diartis.solutions\/jobs-karriere\/system-engineer-m-w-mit-sql-erfahrung-80-100\/#primaryimage\"},\"image\":{\"@id\":\"https:\/\/www.diartis.solutions\/jobs-karriere\/system-engineer-m-w-mit-sql-erfahrung-80-100\/#primaryimage\"},\"thumbnailUrl\":\"https:\/\/www.diartis.solutions\/wp-content\/uploads\/2022\/05\/Diartis-188.jpg\",\"datePublished\":\"2024-03-19T16:07:13+00:00\",\"dateModified\":\"2024-03-19T16:28:31+00:00\",\"breadcrumb\":{\"@id\":\"https:\/\/www.diartis.solutions\/jobs-karriere\/system-engineer-m-w-mit-sql-erfahrung-80-100\/#breadcrumb\"},\"inLanguage\":\"fr-FR\",\"potentialAction\":[{\"@type\":\"ReadAction\",\"target\":[\"https:\/\/www.diartis.solutions\/jobs-karriere\/system-engineer-m-w-mit-sql-erfahrung-80-100\/\"]}]},{\"@type\":\"ImageObject\",\"inLanguage\":\"fr-FR\",\"@id\":\"https:\/\/www.diartis.solutions\/jobs-karriere\/system-engineer-m-w-mit-sql-erfahrung-80-100\/#primaryimage\",\"url\":\"https:\/\/www.diartis.solutions\/wp-content\/uploads\/2022\/05\/Diartis-188.jpg\",\"contentUrl\":\"https:\/\/www.diartis.solutions\/wp-content\/uploads\/2022\/05\/Diartis-188.jpg\",\"width\":930,\"height\":431},{\"@type\":\"BreadcrumbList\",\"@id\":\"https:\/\/www.diartis.solutions\/jobs-karriere\/system-engineer-m-w-mit-sql-erfahrung-80-100\/#breadcrumb\",\"itemListElement\":[{\"@type\":\"ListItem\",\"position\":1,\"name\":\"Home\",\"item\":\"https:\/\/www.diartis.solutions\/\"},{\"@type\":\"ListItem\",\"position\":2,\"name\":\"Jobs &#038; Karriere\",\"item\":\"https:\/\/www.diartis.solutions\/jobs-karriere\/\"},{\"@type\":\"ListItem\",\"position\":3,\"name\":\"System Engineer (m\/w) mit SQL-Erfahrung 80 \u2013 100%\"}]},{\"@type\":\"WebSite\",\"@id\":\"https:\/\/www.diartis.solutions\/en\/#website\",\"url\":\"https:\/\/www.diartis.solutions\/en\/\",\"name\":\"Diartis Solutions\",\"description\":\"Solutions pour les personnes qui soutiennent des personnes\",\"publisher\":{\"@id\":\"https:\/\/www.diartis.solutions\/en\/#organization\"},\"potentialAction\":[{\"@type\":\"SearchAction\",\"target\":{\"@type\":\"EntryPoint\",\"urlTemplate\":\"https:\/\/www.diartis.solutions\/en\/?s={search_term_string}\"},\"query-input\":{\"@type\":\"PropertyValueSpecification\",\"valueRequired\":true,\"valueName\":\"search_term_string\"}}],\"inLanguage\":\"fr-FR\"},{\"@type\":\"Organization\",\"@id\":\"https:\/\/www.diartis.solutions\/en\/#organization\",\"name\":\"Diartis Solutions\",\"url\":\"https:\/\/www.diartis.solutions\/en\/\",\"logo\":{\"@type\":\"ImageObject\",\"inLanguage\":\"fr-FR\",\"@id\":\"https:\/\/www.diartis.solutions\/en\/#\/schema\/logo\/image\/\",\"url\":\"https:\/\/www.diartis.solutions\/wp-content\/uploads\/2022\/08\/logosolutionssmall.png\",\"contentUrl\":\"https:\/\/www.diartis.solutions\/wp-content\/uploads\/2022\/08\/logosolutionssmall.png\",\"width\":260,\"height\":115,\"caption\":\"Diartis Solutions\"},\"image\":{\"@id\":\"https:\/\/www.diartis.solutions\/en\/#\/schema\/logo\/image\/\"},\"sameAs\":[\"https:\/\/www.facebook.com\/diartissolutions\",\"https:\/\/www.linkedin.com\/company\/diartissolutions\",\"https:\/\/www.instagram.com\/diartis.solutions\"]}]}<\/script>\n<!-- \/ Yoast SEO plugin. -->","yoast_head_json":{"title":"System Engineer (m\/w) mit SQL-Erfahrung 80 \u2013 100% - Diartis Solutions","robots":{"index":"index","follow":"follow","max-snippet":"max-snippet:-1","max-image-preview":"max-image-preview:large","max-video-preview":"max-video-preview:-1"},"canonical":"https:\/\/www.diartis.solutions\/jobs-karriere\/system-engineer-m-w-mit-sql-erfahrung-80-100\/","og_locale":"fr_FR","og_type":"article","og_title":"System Engineer (m\/w) mit SQL-Erfahrung 80 \u2013 100% - Diartis Solutions","og_url":"https:\/\/www.diartis.solutions\/jobs-karriere\/system-engineer-m-w-mit-sql-erfahrung-80-100\/","og_site_name":"Diartis Solutions","article_publisher":"https:\/\/www.facebook.com\/diartissolutions","article_modified_time":"2024-03-19T16:28:31+00:00","og_image":[{"width":930,"height":431,"url":"https:\/\/www.diartis.solutions\/wp-content\/uploads\/2022\/05\/Diartis-188.jpg","type":"image\/jpeg"}],"twitter_card":"summary_large_image","twitter_misc":{"Est. reading time":"2 minutes"},"schema":{"@context":"https:\/\/schema.org","@graph":[{"@type":"WebPage","@id":"https:\/\/www.diartis.solutions\/jobs-karriere\/system-engineer-m-w-mit-sql-erfahrung-80-100\/","url":"https:\/\/www.diartis.solutions\/jobs-karriere\/system-engineer-m-w-mit-sql-erfahrung-80-100\/","name":"System Engineer (m\/w) mit SQL-Erfahrung 80 \u2013 100% - Diartis Solutions","isPartOf":{"@id":"https:\/\/www.diartis.solutions\/en\/#website"},"primaryImageOfPage":{"@id":"https:\/\/www.diartis.solutions\/jobs-karriere\/system-engineer-m-w-mit-sql-erfahrung-80-100\/#primaryimage"},"image":{"@id":"https:\/\/www.diartis.solutions\/jobs-karriere\/system-engineer-m-w-mit-sql-erfahrung-80-100\/#primaryimage"},"thumbnailUrl":"https:\/\/www.diartis.solutions\/wp-content\/uploads\/2022\/05\/Diartis-188.jpg","datePublished":"2024-03-19T16:07:13+00:00","dateModified":"2024-03-19T16:28:31+00:00","breadcrumb":{"@id":"https:\/\/www.diartis.solutions\/jobs-karriere\/system-engineer-m-w-mit-sql-erfahrung-80-100\/#breadcrumb"},"inLanguage":"fr-FR","potentialAction":[{"@type":"ReadAction","target":["https:\/\/www.diartis.solutions\/jobs-karriere\/system-engineer-m-w-mit-sql-erfahrung-80-100\/"]}]},{"@type":"ImageObject","inLanguage":"fr-FR","@id":"https:\/\/www.diartis.solutions\/jobs-karriere\/system-engineer-m-w-mit-sql-erfahrung-80-100\/#primaryimage","url":"https:\/\/www.diartis.solutions\/wp-content\/uploads\/2022\/05\/Diartis-188.jpg","contentUrl":"https:\/\/www.diartis.solutions\/wp-content\/uploads\/2022\/05\/Diartis-188.jpg","width":930,"height":431},{"@type":"BreadcrumbList","@id":"https:\/\/www.diartis.solutions\/jobs-karriere\/system-engineer-m-w-mit-sql-erfahrung-80-100\/#breadcrumb","itemListElement":[{"@type":"ListItem","position":1,"name":"Home","item":"https:\/\/www.diartis.solutions\/"},{"@type":"ListItem","position":2,"name":"Jobs &#038; Karriere","item":"https:\/\/www.diartis.solutions\/jobs-karriere\/"},{"@type":"ListItem","position":3,"name":"System Engineer (m\/w) mit SQL-Erfahrung 80 \u2013 100%"}]},{"@type":"WebSite","@id":"https:\/\/www.diartis.solutions\/en\/#website","url":"https:\/\/www.diartis.solutions\/en\/","name":"Diartis Solutions","description":"Solutions pour les personnes qui soutiennent des personnes","publisher":{"@id":"https:\/\/www.diartis.solutions\/en\/#organization"},"potentialAction":[{"@type":"SearchAction","target":{"@type":"EntryPoint","urlTemplate":"https:\/\/www.diartis.solutions\/en\/?s={search_term_string}"},"query-input":{"@type":"PropertyValueSpecification","valueRequired":true,"valueName":"search_term_string"}}],"inLanguage":"fr-FR"},{"@type":"Organization","@id":"https:\/\/www.diartis.solutions\/en\/#organization","name":"Diartis Solutions","url":"https:\/\/www.diartis.solutions\/en\/","logo":{"@type":"ImageObject","inLanguage":"fr-FR","@id":"https:\/\/www.diartis.solutions\/en\/#\/schema\/logo\/image\/","url":"https:\/\/www.diartis.solutions\/wp-content\/uploads\/2022\/08\/logosolutionssmall.png","contentUrl":"https:\/\/www.diartis.solutions\/wp-content\/uploads\/2022\/08\/logosolutionssmall.png","width":260,"height":115,"caption":"Diartis Solutions"},"image":{"@id":"https:\/\/www.diartis.solutions\/en\/#\/schema\/logo\/image\/"},"sameAs":["https:\/\/www.facebook.com\/diartissolutions","https:\/\/www.linkedin.com\/company\/diartissolutions","https:\/\/www.instagram.com\/diartis.solutions"]}]}},"_links":{"self":[{"href":"https:\/\/www.diartis.solutions\/fr\/wp-json\/wp\/v2\/pages\/2329","targetHints":{"allow":["GET"]}}],"collection":[{"href":"https:\/\/www.diartis.solutions\/fr\/wp-json\/wp\/v2\/pages"}],"about":[{"href":"https:\/\/www.diartis.solutions\/fr\/wp-json\/wp\/v2\/types\/page"}],"author":[{"embeddable":true,"href":"https:\/\/www.diartis.solutions\/fr\/wp-json\/wp\/v2\/users\/1"}],"replies":[{"embeddable":true,"href":"https:\/\/www.diartis.solutions\/fr\/wp-json\/wp\/v2\/comments?post=2329"}],"version-history":[{"count":4,"href":"https:\/\/www.diartis.solutions\/fr\/wp-json\/wp\/v2\/pages\/2329\/revisions"}],"predecessor-version":[{"id":2337,"href":"https:\/\/www.diartis.solutions\/fr\/wp-json\/wp\/v2\/pages\/2329\/revisions\/2337"}],"up":[{"embeddable":true,"href":"https:\/\/www.diartis.solutions\/fr\/wp-json\/wp\/v2\/pages\/279"}],"wp:featuredmedia":[{"embeddable":true,"href":"https:\/\/www.diartis.solutions\/fr\/wp-json\/wp\/v2\/media\/420"}],"wp:attachment":[{"href":"https:\/\/www.diartis.solutions\/fr\/wp-json\/wp\/v2\/media?parent=2329"}],"curies":[{"name":"wp","href":"https:\/\/api.w.org\/{rel}","templated":true}]}}