{"id":1409,"date":"2022-09-01T20:02:58","date_gmt":"2022-09-01T19:02:58","guid":{"rendered":"https:\/\/www.diartis.solutions\/?page_id=1409"},"modified":"2024-03-19T13:17:39","modified_gmt":"2024-03-19T12:17:39","slug":"datenbankentwicklerin-m-w-d-fuer-webapplikation-konfiguration-sql","status":"publish","type":"page","link":"https:\/\/www.diartis.solutions\/fr\/jobs-karriere\/datenbankentwicklerin-m-w-d-fuer-webapplikation-konfiguration-sql\/","title":{"rendered":"Datenbank Entwickler\/in (T-SQL) 80 &#8211; 100%"},"content":{"rendered":"\n<div style=\"height:10px\" aria-hidden=\"true\" class=\"wp-block-spacer\"><\/div>\n\n\n\n<h2 class=\"wp-block-heading\"><strong>Stellenbeschreibung<\/strong><\/h2>\n\n\n\n<p>Als Datenbank Entwickler\/in verst\u00e4rkst Du unser Team bei der Entwicklung von Individuall\u00f6sungen auf Basis des bestehenden Software-Frameworks. Du bringst dein Expertenwissen vor allem im Bereich der T-SQL Programmierung und im Configuration Management ein.\u00a0\u00a0<\/p>\n\n\n\n<h2 class=\"wp-block-heading\"><strong>Deine t\u00e4glichen Herausforderungen<\/strong><\/h2>\n\n\n\n<ul class=\"wp-block-list\">\n<li>Modellierung individueller L\u00f6sungen auf Basis des bestehenden Frameworks&nbsp;<\/li>\n\n\n\n<li>Konfiguration und Design der Eingabe-Masken im Front-End&nbsp;<\/li>\n\n\n\n<li>Erstellung komplexer T-SQL Abfragen, Stored Procedures und Funktionen&nbsp;&nbsp;<\/li>\n\n\n\n<li>Anbindung der CASEnet Web-Applikation an Fremdsysteme \u00fcber Schnittstellen&nbsp;<\/li>\n\n\n\n<li>Implementierung von automatisierten Datenbank-Jobs (SQL-Server Agent)&nbsp;&nbsp;<\/li>\n\n\n\n<li>Daten\u00fcbernahmen aus Fremd- oder Eigensystemen<\/li>\n\n\n\n<li>Umsetzung von Reports mit Microsoft SQL Server Reporting Services<\/li>\n<\/ul>\n\n\n\n<div style=\"height:30px\" aria-hidden=\"true\" class=\"wp-block-spacer\"><\/div>\n\n\n\n<h2 class=\"wp-block-heading\"><strong>Diesen Rucksack bringst du mit<\/strong>&nbsp;<\/h2>\n\n\n\n<ul class=\"wp-block-list\">\n<li>Analytische und abstrahierende Denkweise, hohes technisches Verst\u00e4ndnis und schnelle Auffassung&nbsp;<\/li>\n\n\n\n<li>F\u00e4higkeit im Umgang mit Komplexit\u00e4t (Prozesse, Projekten und Programmierung)&nbsp;<\/li>\n\n\n\n<li>Praxiserprobte Erfahrung in der Datenbank-Programmierung und Datenbank-Architektur mit T-SQL&nbsp;<\/li>\n\n\n\n<li>Praxiserprobte Erfahrung in Performance-Analyse und -Optimierung mit T-SQL&nbsp;<\/li>\n\n\n\n<li>Sehr gute Deutschkenntnisse in Wort und Schrift, gute Englischkenntnisse (mindestens B1)&nbsp;<\/li>\n<\/ul>\n\n\n\n<div style=\"height:30px\" aria-hidden=\"true\" class=\"wp-block-spacer\"><\/div>\n\n\n\n<h2 class=\"wp-block-heading\"><strong>Deine k\u00fcnftige Organisation<\/strong><\/h2>\n\n\n\n<p>Diartis entwickelt und vertreibt Softwarel\u00f6sungen f\u00fcr das Fallmanagement. Zu unseren rund 500 Kundinnen und Kunden z\u00e4hlen Bundesstellen, Kantone, St\u00e4dte und Gemeinden, Versicherungen sowie Institutionen im Heim- und Beratungsbereich, dies in der Schweiz und im deutschsprachigen Ausland. Unsere Mitarbeitenden leben unsere Grundwerte Aufrichtigkeit, Wertsch\u00e4tzung, Verantwortung und unternehmerisches Denken t\u00e4glich und leisten ihren Beitrag zum gemeinsamen Erfolg.&nbsp;&nbsp;<\/p>\n\n\n\n<p>Als innovatives und wachstumsstarkes Unternehmen bieten wir Ihnen eine vielseitige und herausfordernde T\u00e4tigkeit in motivierten, gut eingespielten, aber auch weiter zu formenden Teams. Du erh\u00e4lst viel Freiraum bei der Aus\u00fcbung Deiner Funktion, wirst gefordert und gef\u00f6rdert. Ein flexibles Arbeitszeit- und Ferienmodell, Homeoffice, moderne und ergonomische B\u00fcroinfrastruktur sind nur einige der Benefits.&nbsp;<\/p>\n\n\n\n<div style=\"height:30px\" aria-hidden=\"true\" class=\"wp-block-spacer\"><\/div>\n\n\n\n<h2 class=\"wp-block-heading\"><strong>Nun bist du an der Reihe<\/strong>&nbsp;<\/h2>\n\n\n\n<div class=\"wp-block-media-text alignwide is-stacked-on-mobile is-vertically-aligned-top\" style=\"grid-template-columns:37% auto\"><figure class=\"wp-block-media-text__media\"><a href=\"https:\/\/www.diartis.solutions\/wp-content\/uploads\/2022\/06\/people_beat_hohermuth-1.jpg\"><img decoding=\"async\" width=\"350\" height=\"220\" data-src=\"https:\/\/www.diartis.solutions\/wp-content\/uploads\/2022\/06\/people_beat_hohermuth-1.jpg\" alt=\"\" class=\"wp-image-1073 size-full lazyload\" data-srcset=\"https:\/\/www.diartis.solutions\/wp-content\/uploads\/2022\/06\/people_beat_hohermuth-1.jpg 350w, https:\/\/www.diartis.solutions\/wp-content\/uploads\/2022\/06\/people_beat_hohermuth-1-300x189.jpg 300w, https:\/\/www.diartis.solutions\/wp-content\/uploads\/2022\/06\/people_beat_hohermuth-1-340x214.jpg 340w\" data-sizes=\"(max-width: 350px) 100vw, 350px\" src=\"data:image\/svg+xml;base64,PHN2ZyB3aWR0aD0iMSIgaGVpZ2h0PSIxIiB4bWxucz0iaHR0cDovL3d3dy53My5vcmcvMjAwMC9zdmciPjwvc3ZnPg==\" style=\"--smush-placeholder-width: 350px; --smush-placeholder-aspect-ratio: 350\/220;\" \/><\/a><\/figure><div class=\"wp-block-media-text__content\">\n<p class=\"has-text-align-left\">Beat Hohermuth freut sich auf Deine E-Mail-Bewerbung an <a href=\"mailto:beat.hohermuth@diartis.solutions\">beat.hohermuth@diartis.solutions<\/a><\/p>\n\n\n\n<p><\/p>\n<\/div><\/div>\n\n\n\n<p>.&nbsp;<\/p>\n","protected":false},"excerpt":{"rendered":"<p>Stellenbeschreibung Als Datenbank Entwickler\/in verst\u00e4rkst Du unser Team bei der Entwicklung von Individuall\u00f6sungen auf Basis&#8230;<\/p>\n","protected":false},"author":1,"featured_media":420,"parent":279,"menu_order":0,"comment_status":"closed","ping_status":"closed","template":"","meta":{"_acf_changed":false,"inline_featured_image":false,"footnotes":""},"class_list":["post-1409","page","type-page","status-publish","has-post-thumbnail","hentry"],"translation":{"provider":"WPGlobus","version":"3.0.2","language":"fr","enabled_languages":["de","fr"],"languages":{"de":{"title":true,"content":true,"excerpt":false},"fr":{"title":false,"content":false,"excerpt":false}}},"acf":{"page_subtitle":"","page_description":"Engagiert, voller Ideen und gerne eigenverantwortlich handelnd? Brennst du f\u00fcr agiles Teamwork und willst in einem sinnstiftenden Umfeld arbeiten? Super, dann passt Du zur Diartis Solutions AG! "},"yoast_head":"<!-- This site is optimized with the Yoast SEO plugin v26.9 - https:\/\/yoast.com\/product\/yoast-seo-wordpress\/ -->\n<title>Datenbank Entwickler\/in (T-SQL) 80 - 100% - Diartis Solutions<\/title>\n<meta name=\"robots\" content=\"index, follow, max-snippet:-1, max-image-preview:large, max-video-preview:-1\" \/>\n<link rel=\"canonical\" href=\"https:\/\/www.diartis.solutions\/jobs-karriere\/datenbankentwicklerin-m-w-d-fuer-webapplikation-konfiguration-sql\/\" \/>\n<meta property=\"og:locale\" content=\"fr_FR\" \/>\n<meta property=\"og:type\" content=\"article\" \/>\n<meta property=\"og:title\" content=\"Datenbank Entwickler\/in (T-SQL) 80 - 100% - Diartis Solutions\" \/>\n<meta property=\"og:url\" content=\"https:\/\/www.diartis.solutions\/jobs-karriere\/datenbankentwicklerin-m-w-d-fuer-webapplikation-konfiguration-sql\/\" \/>\n<meta property=\"og:site_name\" content=\"Diartis Solutions\" \/>\n<meta property=\"article:publisher\" content=\"https:\/\/www.facebook.com\/diartissolutions\" \/>\n<meta property=\"article:modified_time\" content=\"2024-03-19T12:17:39+00:00\" \/>\n<meta property=\"og:image\" content=\"https:\/\/www.diartis.solutions\/wp-content\/uploads\/2022\/05\/Diartis-188.jpg\" \/>\n\t<meta property=\"og:image:width\" content=\"930\" \/>\n\t<meta property=\"og:image:height\" content=\"431\" \/>\n\t<meta property=\"og:image:type\" content=\"image\/jpeg\" \/>\n<meta name=\"twitter:card\" content=\"summary_large_image\" \/>\n<meta name=\"twitter:label1\" content=\"Est. reading time\" \/>\n\t<meta name=\"twitter:data1\" content=\"2 minutes\" \/>\n<script type=\"application\/ld+json\" class=\"yoast-schema-graph\">{\"@context\":\"https:\/\/schema.org\",\"@graph\":[{\"@type\":\"WebPage\",\"@id\":\"https:\/\/www.diartis.solutions\/jobs-karriere\/datenbankentwicklerin-m-w-d-fuer-webapplikation-konfiguration-sql\/\",\"url\":\"https:\/\/www.diartis.solutions\/jobs-karriere\/datenbankentwicklerin-m-w-d-fuer-webapplikation-konfiguration-sql\/\",\"name\":\"Datenbank Entwickler\/in (T-SQL) 80 - 100% - Diartis Solutions\",\"isPartOf\":{\"@id\":\"https:\/\/www.diartis.solutions\/en\/#website\"},\"primaryImageOfPage\":{\"@id\":\"https:\/\/www.diartis.solutions\/jobs-karriere\/datenbankentwicklerin-m-w-d-fuer-webapplikation-konfiguration-sql\/#primaryimage\"},\"image\":{\"@id\":\"https:\/\/www.diartis.solutions\/jobs-karriere\/datenbankentwicklerin-m-w-d-fuer-webapplikation-konfiguration-sql\/#primaryimage\"},\"thumbnailUrl\":\"https:\/\/www.diartis.solutions\/wp-content\/uploads\/2022\/05\/Diartis-188.jpg\",\"datePublished\":\"2022-09-01T19:02:58+00:00\",\"dateModified\":\"2024-03-19T12:17:39+00:00\",\"breadcrumb\":{\"@id\":\"https:\/\/www.diartis.solutions\/jobs-karriere\/datenbankentwicklerin-m-w-d-fuer-webapplikation-konfiguration-sql\/#breadcrumb\"},\"inLanguage\":\"fr-FR\",\"potentialAction\":[{\"@type\":\"ReadAction\",\"target\":[\"https:\/\/www.diartis.solutions\/jobs-karriere\/datenbankentwicklerin-m-w-d-fuer-webapplikation-konfiguration-sql\/\"]}]},{\"@type\":\"ImageObject\",\"inLanguage\":\"fr-FR\",\"@id\":\"https:\/\/www.diartis.solutions\/jobs-karriere\/datenbankentwicklerin-m-w-d-fuer-webapplikation-konfiguration-sql\/#primaryimage\",\"url\":\"https:\/\/www.diartis.solutions\/wp-content\/uploads\/2022\/05\/Diartis-188.jpg\",\"contentUrl\":\"https:\/\/www.diartis.solutions\/wp-content\/uploads\/2022\/05\/Diartis-188.jpg\",\"width\":930,\"height\":431},{\"@type\":\"BreadcrumbList\",\"@id\":\"https:\/\/www.diartis.solutions\/jobs-karriere\/datenbankentwicklerin-m-w-d-fuer-webapplikation-konfiguration-sql\/#breadcrumb\",\"itemListElement\":[{\"@type\":\"ListItem\",\"position\":1,\"name\":\"Home\",\"item\":\"https:\/\/www.diartis.solutions\/\"},{\"@type\":\"ListItem\",\"position\":2,\"name\":\"Jobs &#038; Karriere\",\"item\":\"https:\/\/www.diartis.solutions\/jobs-karriere\/\"},{\"@type\":\"ListItem\",\"position\":3,\"name\":\"Datenbank Entwickler\/in (T-SQL) 80 &#8211; 100%\"}]},{\"@type\":\"WebSite\",\"@id\":\"https:\/\/www.diartis.solutions\/en\/#website\",\"url\":\"https:\/\/www.diartis.solutions\/en\/\",\"name\":\"Diartis Solutions\",\"description\":\"Solutions pour les personnes qui soutiennent des personnes\",\"publisher\":{\"@id\":\"https:\/\/www.diartis.solutions\/en\/#organization\"},\"potentialAction\":[{\"@type\":\"SearchAction\",\"target\":{\"@type\":\"EntryPoint\",\"urlTemplate\":\"https:\/\/www.diartis.solutions\/en\/?s={search_term_string}\"},\"query-input\":{\"@type\":\"PropertyValueSpecification\",\"valueRequired\":true,\"valueName\":\"search_term_string\"}}],\"inLanguage\":\"fr-FR\"},{\"@type\":\"Organization\",\"@id\":\"https:\/\/www.diartis.solutions\/en\/#organization\",\"name\":\"Diartis Solutions\",\"url\":\"https:\/\/www.diartis.solutions\/en\/\",\"logo\":{\"@type\":\"ImageObject\",\"inLanguage\":\"fr-FR\",\"@id\":\"https:\/\/www.diartis.solutions\/en\/#\/schema\/logo\/image\/\",\"url\":\"https:\/\/www.diartis.solutions\/wp-content\/uploads\/2022\/08\/logosolutionssmall.png\",\"contentUrl\":\"https:\/\/www.diartis.solutions\/wp-content\/uploads\/2022\/08\/logosolutionssmall.png\",\"width\":260,\"height\":115,\"caption\":\"Diartis Solutions\"},\"image\":{\"@id\":\"https:\/\/www.diartis.solutions\/en\/#\/schema\/logo\/image\/\"},\"sameAs\":[\"https:\/\/www.facebook.com\/diartissolutions\",\"https:\/\/www.linkedin.com\/company\/diartissolutions\",\"https:\/\/www.instagram.com\/diartis.solutions\"]}]}<\/script>\n<!-- \/ Yoast SEO plugin. -->","yoast_head_json":{"title":"Datenbank Entwickler\/in (T-SQL) 80 - 100% - Diartis Solutions","robots":{"index":"index","follow":"follow","max-snippet":"max-snippet:-1","max-image-preview":"max-image-preview:large","max-video-preview":"max-video-preview:-1"},"canonical":"https:\/\/www.diartis.solutions\/jobs-karriere\/datenbankentwicklerin-m-w-d-fuer-webapplikation-konfiguration-sql\/","og_locale":"fr_FR","og_type":"article","og_title":"Datenbank Entwickler\/in (T-SQL) 80 - 100% - Diartis Solutions","og_url":"https:\/\/www.diartis.solutions\/jobs-karriere\/datenbankentwicklerin-m-w-d-fuer-webapplikation-konfiguration-sql\/","og_site_name":"Diartis Solutions","article_publisher":"https:\/\/www.facebook.com\/diartissolutions","article_modified_time":"2024-03-19T12:17:39+00:00","og_image":[{"width":930,"height":431,"url":"https:\/\/www.diartis.solutions\/wp-content\/uploads\/2022\/05\/Diartis-188.jpg","type":"image\/jpeg"}],"twitter_card":"summary_large_image","twitter_misc":{"Est. reading time":"2 minutes"},"schema":{"@context":"https:\/\/schema.org","@graph":[{"@type":"WebPage","@id":"https:\/\/www.diartis.solutions\/jobs-karriere\/datenbankentwicklerin-m-w-d-fuer-webapplikation-konfiguration-sql\/","url":"https:\/\/www.diartis.solutions\/jobs-karriere\/datenbankentwicklerin-m-w-d-fuer-webapplikation-konfiguration-sql\/","name":"Datenbank Entwickler\/in (T-SQL) 80 - 100% - Diartis Solutions","isPartOf":{"@id":"https:\/\/www.diartis.solutions\/en\/#website"},"primaryImageOfPage":{"@id":"https:\/\/www.diartis.solutions\/jobs-karriere\/datenbankentwicklerin-m-w-d-fuer-webapplikation-konfiguration-sql\/#primaryimage"},"image":{"@id":"https:\/\/www.diartis.solutions\/jobs-karriere\/datenbankentwicklerin-m-w-d-fuer-webapplikation-konfiguration-sql\/#primaryimage"},"thumbnailUrl":"https:\/\/www.diartis.solutions\/wp-content\/uploads\/2022\/05\/Diartis-188.jpg","datePublished":"2022-09-01T19:02:58+00:00","dateModified":"2024-03-19T12:17:39+00:00","breadcrumb":{"@id":"https:\/\/www.diartis.solutions\/jobs-karriere\/datenbankentwicklerin-m-w-d-fuer-webapplikation-konfiguration-sql\/#breadcrumb"},"inLanguage":"fr-FR","potentialAction":[{"@type":"ReadAction","target":["https:\/\/www.diartis.solutions\/jobs-karriere\/datenbankentwicklerin-m-w-d-fuer-webapplikation-konfiguration-sql\/"]}]},{"@type":"ImageObject","inLanguage":"fr-FR","@id":"https:\/\/www.diartis.solutions\/jobs-karriere\/datenbankentwicklerin-m-w-d-fuer-webapplikation-konfiguration-sql\/#primaryimage","url":"https:\/\/www.diartis.solutions\/wp-content\/uploads\/2022\/05\/Diartis-188.jpg","contentUrl":"https:\/\/www.diartis.solutions\/wp-content\/uploads\/2022\/05\/Diartis-188.jpg","width":930,"height":431},{"@type":"BreadcrumbList","@id":"https:\/\/www.diartis.solutions\/jobs-karriere\/datenbankentwicklerin-m-w-d-fuer-webapplikation-konfiguration-sql\/#breadcrumb","itemListElement":[{"@type":"ListItem","position":1,"name":"Home","item":"https:\/\/www.diartis.solutions\/"},{"@type":"ListItem","position":2,"name":"Jobs &#038; Karriere","item":"https:\/\/www.diartis.solutions\/jobs-karriere\/"},{"@type":"ListItem","position":3,"name":"Datenbank Entwickler\/in (T-SQL) 80 &#8211; 100%"}]},{"@type":"WebSite","@id":"https:\/\/www.diartis.solutions\/en\/#website","url":"https:\/\/www.diartis.solutions\/en\/","name":"Diartis Solutions","description":"Solutions pour les personnes qui soutiennent des personnes","publisher":{"@id":"https:\/\/www.diartis.solutions\/en\/#organization"},"potentialAction":[{"@type":"SearchAction","target":{"@type":"EntryPoint","urlTemplate":"https:\/\/www.diartis.solutions\/en\/?s={search_term_string}"},"query-input":{"@type":"PropertyValueSpecification","valueRequired":true,"valueName":"search_term_string"}}],"inLanguage":"fr-FR"},{"@type":"Organization","@id":"https:\/\/www.diartis.solutions\/en\/#organization","name":"Diartis Solutions","url":"https:\/\/www.diartis.solutions\/en\/","logo":{"@type":"ImageObject","inLanguage":"fr-FR","@id":"https:\/\/www.diartis.solutions\/en\/#\/schema\/logo\/image\/","url":"https:\/\/www.diartis.solutions\/wp-content\/uploads\/2022\/08\/logosolutionssmall.png","contentUrl":"https:\/\/www.diartis.solutions\/wp-content\/uploads\/2022\/08\/logosolutionssmall.png","width":260,"height":115,"caption":"Diartis Solutions"},"image":{"@id":"https:\/\/www.diartis.solutions\/en\/#\/schema\/logo\/image\/"},"sameAs":["https:\/\/www.facebook.com\/diartissolutions","https:\/\/www.linkedin.com\/company\/diartissolutions","https:\/\/www.instagram.com\/diartis.solutions"]}]}},"_links":{"self":[{"href":"https:\/\/www.diartis.solutions\/fr\/wp-json\/wp\/v2\/pages\/1409","targetHints":{"allow":["GET"]}}],"collection":[{"href":"https:\/\/www.diartis.solutions\/fr\/wp-json\/wp\/v2\/pages"}],"about":[{"href":"https:\/\/www.diartis.solutions\/fr\/wp-json\/wp\/v2\/types\/page"}],"author":[{"embeddable":true,"href":"https:\/\/www.diartis.solutions\/fr\/wp-json\/wp\/v2\/users\/1"}],"replies":[{"embeddable":true,"href":"https:\/\/www.diartis.solutions\/fr\/wp-json\/wp\/v2\/comments?post=1409"}],"version-history":[{"count":19,"href":"https:\/\/www.diartis.solutions\/fr\/wp-json\/wp\/v2\/pages\/1409\/revisions"}],"predecessor-version":[{"id":2316,"href":"https:\/\/www.diartis.solutions\/fr\/wp-json\/wp\/v2\/pages\/1409\/revisions\/2316"}],"up":[{"embeddable":true,"href":"https:\/\/www.diartis.solutions\/fr\/wp-json\/wp\/v2\/pages\/279"}],"wp:featuredmedia":[{"embeddable":true,"href":"https:\/\/www.diartis.solutions\/fr\/wp-json\/wp\/v2\/media\/420"}],"wp:attachment":[{"href":"https:\/\/www.diartis.solutions\/fr\/wp-json\/wp\/v2\/media?parent=1409"}],"curies":[{"name":"wp","href":"https:\/\/api.w.org\/{rel}","templated":true}]}}