{"id":1391,"date":"2022-09-01T19:42:15","date_gmt":"2022-09-01T18:42:15","guid":{"rendered":"https:\/\/www.diartis.solutions\/?page_id=1391"},"modified":"2026-01-04T21:55:23","modified_gmt":"2026-01-04T20:55:23","slug":"diartis-gruppe","status":"publish","type":"page","link":"https:\/\/www.diartis.solutions\/fr\/diartis-gruppe\/","title":{"rendered":"Diartis Gruppe"},"content":{"rendered":"\n<div style=\"height:100px\" aria-hidden=\"true\" class=\"wp-block-spacer\"><\/div>\n\n\n<div class=\"lazyblock-hd-partners-1pgbCw wp-block-lazyblock-hd-partners\">\n<div class=\"content__teaser-group container\">\n    <h2 class=\"teaser-group__headline\">\n            <\/h2>\n    <div class=\"teaser__row row neos-contentcollection\">\n                    <div class=\"teaser__item teaser-with-image__item col-12 col-lg-4\">\n                <div class=\"teaser__item--image\">\n                    <div class=\"img-ari--responsive\">\n                        <img decoding=\"async\" data-src=\"https:\/\/www.diartis.solutions\/wp-content\/uploads\/2026\/01\/Diartis_Logo_SPD_RGB-scaled.png\" alt=\"Diartis AG\" title=\"Diartis AG\" src=\"data:image\/svg+xml;base64,PHN2ZyB3aWR0aD0iMSIgaGVpZ2h0PSIxIiB4bWxucz0iaHR0cDovL3d3dy53My5vcmcvMjAwMC9zdmciPjwvc3ZnPg==\" class=\"lazyload\" style=\"--smush-placeholder-width: 2560px; --smush-placeholder-aspect-ratio: 2560\/432;\">\n                    <\/div>\n                <\/div>\n                <h3 class=\"teaser__item--headline\">\n                    Diartis AG                <\/h3>\n                <p class=\"teaser__item--text\">\n                    Diartis entwickelt und vertreibt Softwarel\u00f6sungen f\u00fcr das Fallmanagement. Von unseren Kunden und Interessenten in der Schweiz werden wir als Partnerin erster Wahl wahrgenommen. Zu unseren rund 400 Kundinnen und Kunden z\u00e4hlen Bundesstellen, Kantone, St\u00e4dte und Gemeinden  prim\u00e4r in der Schweiz.                <\/p>\n                <div class=\"teaser__item--link-wrap\">\n                    <a target=\"_blank\" href=\"https:\/\/www.diartis.ch\" class=\"teaser__item--link\">\n                        En savoir plus                    <\/a>\n                <\/div>\n            <\/div>\n                    <div class=\"teaser__item teaser-with-image__item col-12 col-lg-4\">\n                <div class=\"teaser__item--image\">\n                    <div class=\"img-ari--responsive\">\n                        <img decoding=\"async\" data-src=\"https:\/\/www.diartis.solutions\/wp-content\/uploads\/2026\/01\/Diartis_Academy_Logo_SPD_RGB.svg\" alt=\"Diartis Academy\" title=\"Diartis Academy\" src=\"data:image\/svg+xml;base64,PHN2ZyB3aWR0aD0iMSIgaGVpZ2h0PSIxIiB4bWxucz0iaHR0cDovL3d3dy53My5vcmcvMjAwMC9zdmciPjwvc3ZnPg==\" class=\"lazyload\">\n                    <\/div>\n                <\/div>\n                <h3 class=\"teaser__item--headline\">\n                    Diartis Academy                <\/h3>\n                <p class=\"teaser__item--text\">\n                    Unsere Abteilung Diartis Academy  unterst\u00fctzt uns im Bereich digitale Lerninhalte, Ausbildung und Coaching unserer Mitarbeitenden und im Wissensmanagement. Sie bietet Dienstleistungen im Bereich E-Learning und Wissensmanagement an, hat ein Learning Management System as a Service im Angebot und produziert Videos und weitere digitale Lernelemente.                 <\/p>\n                <div class=\"teaser__item--link-wrap\">\n                    <a target=\"_blank\" href=\"https:\/\/www.diartis.academy\" class=\"teaser__item--link\">\n                        En savoir plus                    <\/a>\n                <\/div>\n            <\/div>\n            <\/div>\n<\/div><\/div>","protected":false},"excerpt":{"rendered":"","protected":false},"author":1,"featured_media":875,"parent":0,"menu_order":0,"comment_status":"closed","ping_status":"closed","template":"page-full-width.php","meta":{"_acf_changed":false,"inline_featured_image":false,"footnotes":""},"class_list":["post-1391","page","type-page","status-publish","has-post-thumbnail","hentry"],"translation":{"provider":"WPGlobus","version":"3.0.2","language":"fr","enabled_languages":["de","fr"],"languages":{"de":{"title":true,"content":true,"excerpt":false},"fr":{"title":false,"content":false,"excerpt":false}}},"acf":{"page_subtitle":"","page_description":"Diartis \u2013 Solutions pour les personnes qui soutiennent des personnes"},"yoast_head":"<!-- This site is optimized with the Yoast SEO plugin v26.9 - https:\/\/yoast.com\/product\/yoast-seo-wordpress\/ -->\n<title>Diartis Gruppe - Diartis Solutions<\/title>\n<meta name=\"robots\" content=\"index, follow, max-snippet:-1, max-image-preview:large, max-video-preview:-1\" \/>\n<link rel=\"canonical\" href=\"https:\/\/www.diartis.solutions\/diartis-gruppe\/\" \/>\n<meta property=\"og:locale\" content=\"fr_FR\" \/>\n<meta property=\"og:type\" content=\"article\" \/>\n<meta property=\"og:title\" content=\"Diartis Gruppe - Diartis Solutions\" \/>\n<meta property=\"og:url\" content=\"https:\/\/www.diartis.solutions\/diartis-gruppe\/\" \/>\n<meta property=\"og:site_name\" content=\"Diartis Solutions\" \/>\n<meta property=\"article:publisher\" content=\"https:\/\/www.facebook.com\/diartissolutions\" \/>\n<meta property=\"article:modified_time\" content=\"2026-01-04T20:55:23+00:00\" \/>\n<meta property=\"og:image\" content=\"https:\/\/www.diartis.solutions\/wp-content\/uploads\/2022\/06\/Diartis-135.jpg\" \/>\n\t<meta property=\"og:image:width\" content=\"930\" \/>\n\t<meta property=\"og:image:height\" content=\"431\" \/>\n\t<meta property=\"og:image:type\" content=\"image\/jpeg\" \/>\n<meta name=\"twitter:card\" content=\"summary_large_image\" \/>\n<meta name=\"twitter:label1\" content=\"Est. reading time\" \/>\n\t<meta name=\"twitter:data1\" content=\"1 minute\" \/>\n<script type=\"application\/ld+json\" class=\"yoast-schema-graph\">{\"@context\":\"https:\/\/schema.org\",\"@graph\":[{\"@type\":\"WebPage\",\"@id\":\"https:\/\/www.diartis.solutions\/diartis-gruppe\/\",\"url\":\"https:\/\/www.diartis.solutions\/diartis-gruppe\/\",\"name\":\"Diartis Gruppe - Diartis Solutions\",\"isPartOf\":{\"@id\":\"https:\/\/www.diartis.solutions\/en\/#website\"},\"primaryImageOfPage\":{\"@id\":\"https:\/\/www.diartis.solutions\/diartis-gruppe\/#primaryimage\"},\"image\":{\"@id\":\"https:\/\/www.diartis.solutions\/diartis-gruppe\/#primaryimage\"},\"thumbnailUrl\":\"https:\/\/www.diartis.solutions\/wp-content\/uploads\/2022\/06\/Diartis-135.jpg\",\"datePublished\":\"2022-09-01T18:42:15+00:00\",\"dateModified\":\"2026-01-04T20:55:23+00:00\",\"breadcrumb\":{\"@id\":\"https:\/\/www.diartis.solutions\/diartis-gruppe\/#breadcrumb\"},\"inLanguage\":\"fr-FR\",\"potentialAction\":[{\"@type\":\"ReadAction\",\"target\":[\"https:\/\/www.diartis.solutions\/diartis-gruppe\/\"]}]},{\"@type\":\"ImageObject\",\"inLanguage\":\"fr-FR\",\"@id\":\"https:\/\/www.diartis.solutions\/diartis-gruppe\/#primaryimage\",\"url\":\"https:\/\/www.diartis.solutions\/wp-content\/uploads\/2022\/06\/Diartis-135.jpg\",\"contentUrl\":\"https:\/\/www.diartis.solutions\/wp-content\/uploads\/2022\/06\/Diartis-135.jpg\",\"width\":930,\"height\":431},{\"@type\":\"BreadcrumbList\",\"@id\":\"https:\/\/www.diartis.solutions\/diartis-gruppe\/#breadcrumb\",\"itemListElement\":[{\"@type\":\"ListItem\",\"position\":1,\"name\":\"Home\",\"item\":\"https:\/\/www.diartis.solutions\/\"},{\"@type\":\"ListItem\",\"position\":2,\"name\":\"Diartis Gruppe\"}]},{\"@type\":\"WebSite\",\"@id\":\"https:\/\/www.diartis.solutions\/en\/#website\",\"url\":\"https:\/\/www.diartis.solutions\/en\/\",\"name\":\"Diartis Solutions\",\"description\":\"Solutions pour les personnes qui soutiennent des personnes\",\"publisher\":{\"@id\":\"https:\/\/www.diartis.solutions\/en\/#organization\"},\"potentialAction\":[{\"@type\":\"SearchAction\",\"target\":{\"@type\":\"EntryPoint\",\"urlTemplate\":\"https:\/\/www.diartis.solutions\/en\/?s={search_term_string}\"},\"query-input\":{\"@type\":\"PropertyValueSpecification\",\"valueRequired\":true,\"valueName\":\"search_term_string\"}}],\"inLanguage\":\"fr-FR\"},{\"@type\":\"Organization\",\"@id\":\"https:\/\/www.diartis.solutions\/en\/#organization\",\"name\":\"Diartis Solutions\",\"url\":\"https:\/\/www.diartis.solutions\/en\/\",\"logo\":{\"@type\":\"ImageObject\",\"inLanguage\":\"fr-FR\",\"@id\":\"https:\/\/www.diartis.solutions\/en\/#\/schema\/logo\/image\/\",\"url\":\"https:\/\/www.diartis.solutions\/wp-content\/uploads\/2022\/08\/logosolutionssmall.png\",\"contentUrl\":\"https:\/\/www.diartis.solutions\/wp-content\/uploads\/2022\/08\/logosolutionssmall.png\",\"width\":260,\"height\":115,\"caption\":\"Diartis Solutions\"},\"image\":{\"@id\":\"https:\/\/www.diartis.solutions\/en\/#\/schema\/logo\/image\/\"},\"sameAs\":[\"https:\/\/www.facebook.com\/diartissolutions\",\"https:\/\/www.linkedin.com\/company\/diartissolutions\",\"https:\/\/www.instagram.com\/diartis.solutions\"]}]}<\/script>\n<!-- \/ Yoast SEO plugin. -->","yoast_head_json":{"title":"Diartis Gruppe - Diartis Solutions","robots":{"index":"index","follow":"follow","max-snippet":"max-snippet:-1","max-image-preview":"max-image-preview:large","max-video-preview":"max-video-preview:-1"},"canonical":"https:\/\/www.diartis.solutions\/diartis-gruppe\/","og_locale":"fr_FR","og_type":"article","og_title":"Diartis Gruppe - Diartis Solutions","og_url":"https:\/\/www.diartis.solutions\/diartis-gruppe\/","og_site_name":"Diartis Solutions","article_publisher":"https:\/\/www.facebook.com\/diartissolutions","article_modified_time":"2026-01-04T20:55:23+00:00","og_image":[{"width":930,"height":431,"url":"https:\/\/www.diartis.solutions\/wp-content\/uploads\/2022\/06\/Diartis-135.jpg","type":"image\/jpeg"}],"twitter_card":"summary_large_image","twitter_misc":{"Est. reading time":"1 minute"},"schema":{"@context":"https:\/\/schema.org","@graph":[{"@type":"WebPage","@id":"https:\/\/www.diartis.solutions\/diartis-gruppe\/","url":"https:\/\/www.diartis.solutions\/diartis-gruppe\/","name":"Diartis Gruppe - Diartis Solutions","isPartOf":{"@id":"https:\/\/www.diartis.solutions\/en\/#website"},"primaryImageOfPage":{"@id":"https:\/\/www.diartis.solutions\/diartis-gruppe\/#primaryimage"},"image":{"@id":"https:\/\/www.diartis.solutions\/diartis-gruppe\/#primaryimage"},"thumbnailUrl":"https:\/\/www.diartis.solutions\/wp-content\/uploads\/2022\/06\/Diartis-135.jpg","datePublished":"2022-09-01T18:42:15+00:00","dateModified":"2026-01-04T20:55:23+00:00","breadcrumb":{"@id":"https:\/\/www.diartis.solutions\/diartis-gruppe\/#breadcrumb"},"inLanguage":"fr-FR","potentialAction":[{"@type":"ReadAction","target":["https:\/\/www.diartis.solutions\/diartis-gruppe\/"]}]},{"@type":"ImageObject","inLanguage":"fr-FR","@id":"https:\/\/www.diartis.solutions\/diartis-gruppe\/#primaryimage","url":"https:\/\/www.diartis.solutions\/wp-content\/uploads\/2022\/06\/Diartis-135.jpg","contentUrl":"https:\/\/www.diartis.solutions\/wp-content\/uploads\/2022\/06\/Diartis-135.jpg","width":930,"height":431},{"@type":"BreadcrumbList","@id":"https:\/\/www.diartis.solutions\/diartis-gruppe\/#breadcrumb","itemListElement":[{"@type":"ListItem","position":1,"name":"Home","item":"https:\/\/www.diartis.solutions\/"},{"@type":"ListItem","position":2,"name":"Diartis Gruppe"}]},{"@type":"WebSite","@id":"https:\/\/www.diartis.solutions\/en\/#website","url":"https:\/\/www.diartis.solutions\/en\/","name":"Diartis Solutions","description":"Solutions pour les personnes qui soutiennent des personnes","publisher":{"@id":"https:\/\/www.diartis.solutions\/en\/#organization"},"potentialAction":[{"@type":"SearchAction","target":{"@type":"EntryPoint","urlTemplate":"https:\/\/www.diartis.solutions\/en\/?s={search_term_string}"},"query-input":{"@type":"PropertyValueSpecification","valueRequired":true,"valueName":"search_term_string"}}],"inLanguage":"fr-FR"},{"@type":"Organization","@id":"https:\/\/www.diartis.solutions\/en\/#organization","name":"Diartis Solutions","url":"https:\/\/www.diartis.solutions\/en\/","logo":{"@type":"ImageObject","inLanguage":"fr-FR","@id":"https:\/\/www.diartis.solutions\/en\/#\/schema\/logo\/image\/","url":"https:\/\/www.diartis.solutions\/wp-content\/uploads\/2022\/08\/logosolutionssmall.png","contentUrl":"https:\/\/www.diartis.solutions\/wp-content\/uploads\/2022\/08\/logosolutionssmall.png","width":260,"height":115,"caption":"Diartis Solutions"},"image":{"@id":"https:\/\/www.diartis.solutions\/en\/#\/schema\/logo\/image\/"},"sameAs":["https:\/\/www.facebook.com\/diartissolutions","https:\/\/www.linkedin.com\/company\/diartissolutions","https:\/\/www.instagram.com\/diartis.solutions"]}]}},"_links":{"self":[{"href":"https:\/\/www.diartis.solutions\/fr\/wp-json\/wp\/v2\/pages\/1391","targetHints":{"allow":["GET"]}}],"collection":[{"href":"https:\/\/www.diartis.solutions\/fr\/wp-json\/wp\/v2\/pages"}],"about":[{"href":"https:\/\/www.diartis.solutions\/fr\/wp-json\/wp\/v2\/types\/page"}],"author":[{"embeddable":true,"href":"https:\/\/www.diartis.solutions\/fr\/wp-json\/wp\/v2\/users\/1"}],"replies":[{"embeddable":true,"href":"https:\/\/www.diartis.solutions\/fr\/wp-json\/wp\/v2\/comments?post=1391"}],"version-history":[{"count":7,"href":"https:\/\/www.diartis.solutions\/fr\/wp-json\/wp\/v2\/pages\/1391\/revisions"}],"predecessor-version":[{"id":2467,"href":"https:\/\/www.diartis.solutions\/fr\/wp-json\/wp\/v2\/pages\/1391\/revisions\/2467"}],"wp:featuredmedia":[{"embeddable":true,"href":"https:\/\/www.diartis.solutions\/fr\/wp-json\/wp\/v2\/media\/875"}],"wp:attachment":[{"href":"https:\/\/www.diartis.solutions\/fr\/wp-json\/wp\/v2\/media?parent=1391"}],"curies":[{"name":"wp","href":"https:\/\/api.w.org\/{rel}","templated":true}]}}